{"id":5710,"date":"2021-05-26T16:16:45","date_gmt":"2021-05-26T14:16:45","guid":{"rendered":"https:\/\/www.huettemann-logistik.de\/value-added-services\/"},"modified":"2022-06-15T13:47:15","modified_gmt":"2022-06-15T11:47:15","slug":"value-added-services","status":"publish","type":"page","link":"https:\/\/www.huettemann-logistik.de\/nl\/value-added-services\/","title":{"rendered":"Value Added Services"},"content":{"rendered":"<div class=\"wpb-content-wrapper\"><p>[vc_section][vc_row][vc_column][vc_column_text]<\/p>\n<h1>Value Added Services: Echte Mehrwertlogistik nach Bedarf<\/h1>\n<h2>Individuelle Mehrwertdienste f\u00fcr optimales Supply Chain Management<\/h2>\n<p>Ihr Mehrwert durch cleveres Outsourcing von Prozessschritten: Mit unseren Value Added Services (VAS) bieten wir Ihnen eine Vielzahl zus\u00e4tzlicher Dienstleistungen zur Optimierung Ihrer Supply Chain. Vom Labeling \u00fcber den Displaybau bis zur Qualit\u00e4tskontrolle:\u00a0 Mit\u00a0 kreativen Ideen und unserem langj\u00e4hrigen Know-how sind prozessorientierte Value Added Services unsere St\u00e4rke. Hohe Anforderungen und individuelle Bed\u00fcrfnisse setzen dabei das Mindestma\u00df unserer VAS Dienstleistungen. Um Ihre Prozesse weit \u00fcber klassische Logistikdienstleistungen hinaus effizienter und leistungsf\u00e4higer zu gestalten.[\/vc_column_text][\/vc_column][\/vc_row][\/vc_section][vc_section][vc_row][vc_column]        <style>\r\n            .innercontent {\r\n                padding: 30px;\r\n                margin: -60px 0 60px 60px;\r\n                background-color: #fff;\r\n                position: relative;\r\n                z-index: 5;\r\n            }\r\n\r\n            @media (min-width: 992px) {\r\n                .righttextcol .innercontent {\r\n                    padding: 50px;\r\n                    margin: 50px 0 0 -100px;\r\n                }\r\n\r\n                .lefttextcol .innercontent {\r\n                    padding: 50px;\r\n                    margin: 50px -100px 0 0px;\r\n                }\r\n\r\n                .righttextcol .innercontent {\r\n                    padding-right: 0\r\n                }\r\n\r\n                .lefttextcol .innercontent {\r\n                    padding-left: 0\r\n                }\r\n            }\r\n\r\n            .innercontent > p:first-child {\r\n                display: none\r\n            }\r\n\r\n\r\n        <\/style>\r\n        <div class=\"textbild\">\r\n            <div class=\"row gap justify-content-between\">\r\n                <div class=\"col-8 col-lg-6 order-0 leftcol order-lg-0 \">\r\n                    <img decoding=\"async\" width=\"768\" height=\"513\" src=\"https:\/\/www.huettemann-logistik.de\/wp-content\/uploads\/2021\/11\/iStock-885915254-768x513.jpg\" class=\"attachment-medium size-medium\" alt=\"Ne\u00adben un\u00adse\u00adren Dienst\u00adleis\u00adtun\u00adgen in der Kon\u00adtrakt\u00adlo\u00adgis\u00adtik, wie der Kom\u00admis\u00adsio\u00adnie\u00adrung oder dem Ver\u00adsand Ih\u00adrer Wa\u00adren, un\u00adter\u00adst\u00fct\u00adzen wir Sie mit um\u00adfang\u00adrei\u00adchen VAS.\" srcset=\"https:\/\/www.huettemann-logistik.de\/wp-content\/uploads\/2021\/11\/iStock-885915254-768x513.jpg 768w, https:\/\/www.huettemann-logistik.de\/wp-content\/uploads\/2021\/11\/iStock-885915254-1200x801.jpg 1200w, https:\/\/www.huettemann-logistik.de\/wp-content\/uploads\/2021\/11\/iStock-885915254-400x267.jpg 400w, https:\/\/www.huettemann-logistik.de\/wp-content\/uploads\/2021\/11\/iStock-885915254-1536x1025.jpg 1536w, https:\/\/www.huettemann-logistik.de\/wp-content\/uploads\/2021\/11\/iStock-885915254-2048x1367.jpg 2048w, https:\/\/www.huettemann-logistik.de\/wp-content\/uploads\/2021\/11\/iStock-885915254-46x31.jpg 46w, https:\/\/www.huettemann-logistik.de\/wp-content\/uploads\/2021\/11\/iStock-885915254-250x167.jpg 250w, https:\/\/www.huettemann-logistik.de\/wp-content\/uploads\/2021\/11\/iStock-885915254-550x367.jpg 550w, https:\/\/www.huettemann-logistik.de\/wp-content\/uploads\/2021\/11\/iStock-885915254-1920x1282.jpg 1920w, https:\/\/www.huettemann-logistik.de\/wp-content\/uploads\/2021\/11\/iStock-885915254-1320x881.jpg 1320w\" sizes=\"100vw\" \/>                <\/div>\r\n                <div class=\"col-12 col-lg-6 order-1  righttextcol\">\r\n                    <div class=\"innercontent\">\r\n                        <\/p>\n<h3>Fulfillment: Mit Value Added Services direkt zum Ziel<\/h3>\n<p>Neben unseren Dienstleistungen in der Kontraktlogistik, wie der Kommissionierung oder dem Versand Ihrer Waren, unterst\u00fctzen wir Sie mit umfangreichen VAS.\u00a0 Sowohl innerhalb Europas als auch auf dem globalen Markt bieten wir unsere Value Added Services an. Als unser Kunde k\u00f6nnen Sie sich also nicht nur jederzeit, sondern auch \u00fcberall, auf ma\u00dfgeschneiderte Logistik mit besonderen Mehrwertdienstleistungen verlassen.                    <\/div>\r\n                <\/div>\r\n            <\/div>\r\n        <\/div>\r\n        [\/vc_column][\/vc_row][vc_row][vc_column]        <style>\r\n            .innercontent {\r\n                padding: 30px;\r\n                margin: -60px 0 60px 60px;\r\n                background-color: #fff;\r\n                position: relative;\r\n                z-index: 5;\r\n            }\r\n\r\n            @media (min-width: 992px) {\r\n                .righttextcol .innercontent {\r\n                    padding: 50px;\r\n                    margin: 50px 0 0 -100px;\r\n                }\r\n\r\n                .lefttextcol .innercontent {\r\n                    padding: 50px;\r\n                    margin: 50px -100px 0 0px;\r\n                }\r\n\r\n                .righttextcol .innercontent {\r\n                    padding-right: 0\r\n                }\r\n\r\n                .lefttextcol .innercontent {\r\n                    padding-left: 0\r\n                }\r\n            }\r\n\r\n            .innercontent > p:first-child {\r\n                display: none\r\n            }\r\n\r\n\r\n        <\/style>\r\n        <div class=\"textbild\">\r\n            <div class=\"row gap justify-content-between\">\r\n                <div class=\"col-8 col-lg-6 order-0  order-lg-2 \">\r\n                    <img decoding=\"async\" width=\"768\" height=\"512\" src=\"https:\/\/www.huettemann-logistik.de\/wp-content\/uploads\/2021\/09\/20181029_Huettemann_2212-768x512.jpg\" class=\"attachment-medium size-medium\" alt=\"\" srcset=\"https:\/\/www.huettemann-logistik.de\/wp-content\/uploads\/2021\/09\/20181029_Huettemann_2212-768x512.jpg 768w, https:\/\/www.huettemann-logistik.de\/wp-content\/uploads\/2021\/09\/20181029_Huettemann_2212-1200x800.jpg 1200w, https:\/\/www.huettemann-logistik.de\/wp-content\/uploads\/2021\/09\/20181029_Huettemann_2212-400x267.jpg 400w, https:\/\/www.huettemann-logistik.de\/wp-content\/uploads\/2021\/09\/20181029_Huettemann_2212-1536x1024.jpg 1536w, https:\/\/www.huettemann-logistik.de\/wp-content\/uploads\/2021\/09\/20181029_Huettemann_2212-2048x1365.jpg 2048w, https:\/\/www.huettemann-logistik.de\/wp-content\/uploads\/2021\/09\/20181029_Huettemann_2212-46x31.jpg 46w, https:\/\/www.huettemann-logistik.de\/wp-content\/uploads\/2021\/09\/20181029_Huettemann_2212-250x167.jpg 250w, https:\/\/www.huettemann-logistik.de\/wp-content\/uploads\/2021\/09\/20181029_Huettemann_2212-550x367.jpg 550w, https:\/\/www.huettemann-logistik.de\/wp-content\/uploads\/2021\/09\/20181029_Huettemann_2212-1920x1280.jpg 1920w, https:\/\/www.huettemann-logistik.de\/wp-content\/uploads\/2021\/09\/20181029_Huettemann_2212-1320x880.jpg 1320w\" sizes=\"100vw\" \/>                <\/div>\r\n                <div class=\"col-12 col-lg-6 order-1  lefttextcol\">\r\n                    <div class=\"innercontent\">\r\n                        <\/p>\n<h3>Breite Vielfalt an Value Added Services<\/h3>\n<p>Mit unseren Value Added Services m\u00f6chten wir Ihre Logistik noch effizienter und leistungsf\u00e4higer gestalten. So speziell die Anforderungen Ihres Unternehmens auch sind \u2013 wir entwickeln passgenaue L\u00f6sungen. Dabei ist die enge Zusammenarbeit auf Augenh\u00f6he die beste Basis f\u00fcr eine langfristige gute Kooperation zwischen uns als Logistikdienstleister und Ihnen als Kunde. Verlassen Sie sich auf unsere Expertise und k\u00fcmmern Sie sich um den Ausbau Ihres Kerngesch\u00e4fts.<\/p>\n<p>Zu unserem Portfolio z\u00e4hlen: Interne Werkslogistik, Outsourcing, Qualit\u00e4tspr\u00fcfung, Retourenmanagement, Etikettieren und Blistern sowie Displaybau.                    <\/div>\r\n                <\/div>\r\n            <\/div>\r\n        <\/div>\r\n        [\/vc_column][\/vc_row][vc_row][vc_column]        <style>\r\n            .innercontent {\r\n                padding: 30px;\r\n                margin: -60px 0 60px 60px;\r\n                background-color: #fff;\r\n                position: relative;\r\n                z-index: 5;\r\n            }\r\n\r\n            @media (min-width: 992px) {\r\n                .righttextcol .innercontent {\r\n                    padding: 50px;\r\n                    margin: 50px 0 0 -100px;\r\n                }\r\n\r\n                .lefttextcol .innercontent {\r\n                    padding: 50px;\r\n                    margin: 50px -100px 0 0px;\r\n                }\r\n\r\n                .righttextcol .innercontent {\r\n                    padding-right: 0\r\n                }\r\n\r\n                .lefttextcol .innercontent {\r\n                    padding-left: 0\r\n                }\r\n            }\r\n\r\n            .innercontent > p:first-child {\r\n                display: none\r\n            }\r\n\r\n\r\n        <\/style>\r\n        <div class=\"textbild\">\r\n            <div class=\"row gap justify-content-between\">\r\n                <div class=\"col-8 col-lg-6 order-0 leftcol order-lg-0 \">\r\n                    <img decoding=\"async\" width=\"768\" height=\"512\" src=\"https:\/\/www.huettemann-logistik.de\/wp-content\/uploads\/2022\/01\/MicrosoftTeams-image-1-768x512.jpg\" class=\"attachment-medium size-medium\" alt=\"\" srcset=\"https:\/\/www.huettemann-logistik.de\/wp-content\/uploads\/2022\/01\/MicrosoftTeams-image-1-768x512.jpg 768w, https:\/\/www.huettemann-logistik.de\/wp-content\/uploads\/2022\/01\/MicrosoftTeams-image-1-1200x800.jpg 1200w, https:\/\/www.huettemann-logistik.de\/wp-content\/uploads\/2022\/01\/MicrosoftTeams-image-1-400x267.jpg 400w, https:\/\/www.huettemann-logistik.de\/wp-content\/uploads\/2022\/01\/MicrosoftTeams-image-1-1536x1024.jpg 1536w, https:\/\/www.huettemann-logistik.de\/wp-content\/uploads\/2022\/01\/MicrosoftTeams-image-1-2048x1365.jpg 2048w, https:\/\/www.huettemann-logistik.de\/wp-content\/uploads\/2022\/01\/MicrosoftTeams-image-1-46x31.jpg 46w, https:\/\/www.huettemann-logistik.de\/wp-content\/uploads\/2022\/01\/MicrosoftTeams-image-1-250x167.jpg 250w, https:\/\/www.huettemann-logistik.de\/wp-content\/uploads\/2022\/01\/MicrosoftTeams-image-1-550x367.jpg 550w, https:\/\/www.huettemann-logistik.de\/wp-content\/uploads\/2022\/01\/MicrosoftTeams-image-1-scaled.jpg 1920w, https:\/\/www.huettemann-logistik.de\/wp-content\/uploads\/2022\/01\/MicrosoftTeams-image-1-1320x880.jpg 1320w\" sizes=\"100vw\" \/>                <\/div>\r\n                <div class=\"col-12 col-lg-6 order-1  righttextcol\">\r\n                    <div class=\"innercontent\">\r\n                        <\/p>\n<h3>Bedarfsgerechte Value Added Services \u2013 ein Praxisbeispiel<\/h3>\n<p>Ein gutes Beispiel f\u00fcr unsere produktorientierten Value Added Services liefert Rabelink Logistics. Unser niederl\u00e4ndisches Tochterunternehmen k\u00fcmmert sich seit Jahren um einen f\u00fchrenden Anbieter von N\u00fcssen in der Lebensmittelbranche. F\u00fcr die ganzheitliche Optimierung seiner Wertsch\u00f6pfungskette sorgen unsere ma\u00dfgeschneiderten Leistungen \u2013 von der Abholung aus den Anbaul\u00e4ndern \u00fcber die Lagerung bis zum Transport in die europ\u00e4ischen Produktionsst\u00e4tten. Um Qualit\u00e4tskontrollen auf h\u00f6chstem Niveau direkt vor Ort zu erm\u00f6glichen, richtete Rabelink neue B\u00fcror\u00e4ume und ein Labor f\u00fcr die Mitarbeiter des Kunden ein. Zudem hilft eine spezielle Maschine im Lager vor Ort bei der Konfektionierung der N\u00fcsse. So sind diese bereits in unserem Lager gebrauchsfertig sortiert, verpackt und fertig f\u00fcr den Verkauf im Supermarkt. Das ist ma\u00dfgeschneiderte Logistik \u2013 mit neuen Ideen, auch nach Jahrzehnte langer Zusammenarbeit.                    <\/div>\r\n                <\/div>\r\n            <\/div>\r\n        <\/div>\r\n        [\/vc_column][\/vc_row][\/vc_section][vc_row][vc_column][vc_column_text]<\/p>\n<h3 style=\"text-align: center;\">Vorteile Value Added Services auf einen Blick<\/h3>\n<p>[\/vc_column_text]        <div class=\"row\">\r\n            <div class=\"col-12\">\r\n                <div class=\"vorteile\">\r\n                    <div class=\"row justify-content-center small-gap numbersholder maxsonry\">\r\n                                <div class=\"col-6 col-lg-4 gap text-cen boxx-item\">\r\n            <div class=\"vorteilitem\">\r\n                <div class=\"row h-100\">\r\n                    <div class=\"col-auto align-self-center\">\r\n                        <i class=\"far fa-3x fa-angle-double-right\"><\/i>\r\n\r\n                    <\/div>\r\n                    <div class=\"col-12 small-gap d-sm-none\"><\/div>\r\n                    <div class=\"col align-self-center\">\r\n                        <p class=\"h5 no-margin\">\r\n                            Op\u00adti\u00admie\u00adrung der Sup\u00adp\u00adly Chain                        <\/p>\r\n                    <\/div>\r\n                <\/div>\r\n            <\/div>\r\n        <\/div>\r\n\r\n                <div class=\"col-6 col-lg-4 gap text-cen boxx-item\">\r\n            <div class=\"vorteilitem\">\r\n                <div class=\"row h-100\">\r\n                    <div class=\"col-auto align-self-center\">\r\n                        <i class=\"far fa-3x fa-comment-alt-check\"><\/i>\r\n\r\n                    <\/div>\r\n                    <div class=\"col-12 small-gap d-sm-none\"><\/div>\r\n                    <div class=\"col align-self-center\">\r\n                        <p class=\"h5 no-margin\">\r\n                            Lang\u00adj\u00e4h\u00adri\u00adges Know-how                        <\/p>\r\n                    <\/div>\r\n                <\/div>\r\n            <\/div>\r\n        <\/div>\r\n\r\n                <div class=\"col-6 col-lg-4 gap text-cen boxx-item\">\r\n            <div class=\"vorteilitem\">\r\n                <div class=\"row h-100\">\r\n                    <div class=\"col-auto align-self-center\">\r\n                        <i class=\"far fa-3x fa-plus\"><\/i>\r\n\r\n                    <\/div>\r\n                    <div class=\"col-12 small-gap d-sm-none\"><\/div>\r\n                    <div class=\"col align-self-center\">\r\n                        <p class=\"h5 no-margin\">\r\n                            Mehr\u00adwert\u00addienst\u00adleis\u00adtun\u00adg                        <\/p>\r\n                    <\/div>\r\n                <\/div>\r\n            <\/div>\r\n        <\/div>\r\n\r\n                <div class=\"col-6 col-lg-4 gap text-cen boxx-item\">\r\n            <div class=\"vorteilitem\">\r\n                <div class=\"row h-100\">\r\n                    <div class=\"col-auto align-self-center\">\r\n                        <i class=\"far fa-3x fa-cogs\"><\/i>\r\n\r\n                    <\/div>\r\n                    <div class=\"col-12 small-gap d-sm-none\"><\/div>\r\n                    <div class=\"col align-self-center\">\r\n                        <p class=\"h5 no-margin\">\r\n                            Pass\u00adge\u00adnaue L\u00f6\u00adsun\u00adgen                        <\/p>\r\n                    <\/div>\r\n                <\/div>\r\n            <\/div>\r\n        <\/div>\r\n\r\n                                <!--<div class=\"grid-sizer col-1\" ><\/div>-->\r\n                    <\/div>\r\n                <\/div>\r\n            <\/div>\r\n        <\/div>\r\n        [\/vc_column][\/vc_row][vc_row][vc_column][\/vc_column][\/vc_row]<\/p>\n<\/div>","protected":false},"excerpt":{"rendered":"<p>[vc_section][vc_row][vc_column][vc_column_text] Value Added Services: Echte Mehrwertlogistik nach Bedarf Individuelle Mehrwertdienste f\u00fcr optimales Supply Chain Management Ihr Mehrwert durch cleveres Outsourcing<\/p>\n","protected":false},"author":1,"featured_media":0,"parent":0,"menu_order":0,"comment_status":"closed","ping_status":"closed","template":"","meta":{"_acf_changed":false,"inline_featured_image":false,"footnotes":""},"class_list":["post-5710","page","type-page","status-publish","hentry"],"acf":[],"yoast_head":"<!-- This site is optimized with the Yoast SEO plugin v27.4 - https:\/\/yoast.com\/product\/yoast-seo-wordpress\/ -->\n<title>Value Added Services - HUETTEMANN Group<\/title>\n<meta name=\"description\" content=\"Mit unseren Value Added Services bieten wir Ihnen eine Vielzahl zus\u00e4tzlicher Dienstleistungen zur Optimierung Ihrer Supply Chain.\" \/>\n<meta name=\"robots\" content=\"index, follow, max-snippet:-1, max-image-preview:large, max-video-preview:-1\" \/>\n<link rel=\"canonical\" href=\"https:\/\/www.huettemann-logistik.de\/nl\/value-added-services\/\" \/>\n<meta property=\"og:locale\" content=\"nl_NL\" \/>\n<meta property=\"og:type\" content=\"article\" \/>\n<meta property=\"og:title\" content=\"Value Added Services - HUETTEMANN Group\" \/>\n<meta property=\"og:description\" content=\"Mit unseren Value Added Services bieten wir Ihnen eine Vielzahl zus\u00e4tzlicher Dienstleistungen zur Optimierung Ihrer Supply Chain.\" \/>\n<meta property=\"og:url\" content=\"https:\/\/www.huettemann-logistik.de\/nl\/value-added-services\/\" \/>\n<meta property=\"og:site_name\" content=\"HUETTEMANN Group\" \/>\n<meta property=\"article:modified_time\" content=\"2022-06-15T11:47:15+00:00\" \/>\n<meta name=\"twitter:card\" content=\"summary_large_image\" \/>\n<meta name=\"twitter:label1\" content=\"Geschatte leestijd\" \/>\n\t<meta name=\"twitter:data1\" content=\"3 minuten\" \/>\n<script type=\"application\/ld+json\" class=\"yoast-schema-graph\">{\"@context\":\"https:\\\/\\\/schema.org\",\"@graph\":[{\"@type\":\"WebPage\",\"@id\":\"https:\\\/\\\/www.huettemann-logistik.de\\\/nl\\\/value-added-services\\\/\",\"url\":\"https:\\\/\\\/www.huettemann-logistik.de\\\/nl\\\/value-added-services\\\/\",\"name\":\"Value Added Services - HUETTEMANN Group\",\"isPartOf\":{\"@id\":\"https:\\\/\\\/www.huettemann-logistik.de\\\/nl\\\/#website\"},\"datePublished\":\"2021-05-26T14:16:45+00:00\",\"dateModified\":\"2022-06-15T11:47:15+00:00\",\"description\":\"Mit unseren Value Added Services bieten wir Ihnen eine Vielzahl zus\u00e4tzlicher Dienstleistungen zur Optimierung Ihrer Supply Chain.\",\"breadcrumb\":{\"@id\":\"https:\\\/\\\/www.huettemann-logistik.de\\\/nl\\\/value-added-services\\\/#breadcrumb\"},\"inLanguage\":\"nl-NL\",\"potentialAction\":[{\"@type\":\"ReadAction\",\"target\":[\"https:\\\/\\\/www.huettemann-logistik.de\\\/nl\\\/value-added-services\\\/\"]}]},{\"@type\":\"BreadcrumbList\",\"@id\":\"https:\\\/\\\/www.huettemann-logistik.de\\\/nl\\\/value-added-services\\\/#breadcrumb\",\"itemListElement\":[{\"@type\":\"ListItem\",\"position\":1,\"name\":\"Home\",\"item\":\"https:\\\/\\\/www.huettemann-logistik.de\\\/nl\\\/\"},{\"@type\":\"ListItem\",\"position\":2,\"name\":\"Value Added Services\"}]},{\"@type\":\"WebSite\",\"@id\":\"https:\\\/\\\/www.huettemann-logistik.de\\\/nl\\\/#website\",\"url\":\"https:\\\/\\\/www.huettemann-logistik.de\\\/nl\\\/\",\"name\":\"HUETTEMANN Group\",\"description\":\"Spedition, Transport, Lagerung, Fulfillment, Verzollung, Seefracht, ecommerce und Onlineshops - Logistics and More\",\"potentialAction\":[{\"@type\":\"SearchAction\",\"target\":{\"@type\":\"EntryPoint\",\"urlTemplate\":\"https:\\\/\\\/www.huettemann-logistik.de\\\/nl\\\/?s={search_term_string}\"},\"query-input\":{\"@type\":\"PropertyValueSpecification\",\"valueRequired\":true,\"valueName\":\"search_term_string\"}}],\"inLanguage\":\"nl-NL\"}]}<\/script>\n<!-- \/ Yoast SEO plugin. -->","yoast_head_json":{"title":"Value Added Services - HUETTEMANN Group","description":"Mit unseren Value Added Services bieten wir Ihnen eine Vielzahl zus\u00e4tzlicher Dienstleistungen zur Optimierung Ihrer Supply Chain.","robots":{"index":"index","follow":"follow","max-snippet":"max-snippet:-1","max-image-preview":"max-image-preview:large","max-video-preview":"max-video-preview:-1"},"canonical":"https:\/\/www.huettemann-logistik.de\/nl\/value-added-services\/","og_locale":"nl_NL","og_type":"article","og_title":"Value Added Services - HUETTEMANN Group","og_description":"Mit unseren Value Added Services bieten wir Ihnen eine Vielzahl zus\u00e4tzlicher Dienstleistungen zur Optimierung Ihrer Supply Chain.","og_url":"https:\/\/www.huettemann-logistik.de\/nl\/value-added-services\/","og_site_name":"HUETTEMANN Group","article_modified_time":"2022-06-15T11:47:15+00:00","twitter_card":"summary_large_image","twitter_misc":{"Geschatte leestijd":"3 minuten"},"schema":{"@context":"https:\/\/schema.org","@graph":[{"@type":"WebPage","@id":"https:\/\/www.huettemann-logistik.de\/nl\/value-added-services\/","url":"https:\/\/www.huettemann-logistik.de\/nl\/value-added-services\/","name":"Value Added Services - HUETTEMANN Group","isPartOf":{"@id":"https:\/\/www.huettemann-logistik.de\/nl\/#website"},"datePublished":"2021-05-26T14:16:45+00:00","dateModified":"2022-06-15T11:47:15+00:00","description":"Mit unseren Value Added Services bieten wir Ihnen eine Vielzahl zus\u00e4tzlicher Dienstleistungen zur Optimierung Ihrer Supply Chain.","breadcrumb":{"@id":"https:\/\/www.huettemann-logistik.de\/nl\/value-added-services\/#breadcrumb"},"inLanguage":"nl-NL","potentialAction":[{"@type":"ReadAction","target":["https:\/\/www.huettemann-logistik.de\/nl\/value-added-services\/"]}]},{"@type":"BreadcrumbList","@id":"https:\/\/www.huettemann-logistik.de\/nl\/value-added-services\/#breadcrumb","itemListElement":[{"@type":"ListItem","position":1,"name":"Home","item":"https:\/\/www.huettemann-logistik.de\/nl\/"},{"@type":"ListItem","position":2,"name":"Value Added Services"}]},{"@type":"WebSite","@id":"https:\/\/www.huettemann-logistik.de\/nl\/#website","url":"https:\/\/www.huettemann-logistik.de\/nl\/","name":"HUETTEMANN Group","description":"Spedition, Transport, Lagerung, Fulfillment, Verzollung, Seefracht, ecommerce und Onlineshops - Logistics and More","potentialAction":[{"@type":"SearchAction","target":{"@type":"EntryPoint","urlTemplate":"https:\/\/www.huettemann-logistik.de\/nl\/?s={search_term_string}"},"query-input":{"@type":"PropertyValueSpecification","valueRequired":true,"valueName":"search_term_string"}}],"inLanguage":"nl-NL"}]}},"_links":{"self":[{"href":"https:\/\/www.huettemann-logistik.de\/nl\/wp-json\/wp\/v2\/pages\/5710","targetHints":{"allow":["GET"]}}],"collection":[{"href":"https:\/\/www.huettemann-logistik.de\/nl\/wp-json\/wp\/v2\/pages"}],"about":[{"href":"https:\/\/www.huettemann-logistik.de\/nl\/wp-json\/wp\/v2\/types\/page"}],"author":[{"embeddable":true,"href":"https:\/\/www.huettemann-logistik.de\/nl\/wp-json\/wp\/v2\/users\/1"}],"replies":[{"embeddable":true,"href":"https:\/\/www.huettemann-logistik.de\/nl\/wp-json\/wp\/v2\/comments?post=5710"}],"version-history":[{"count":1,"href":"https:\/\/www.huettemann-logistik.de\/nl\/wp-json\/wp\/v2\/pages\/5710\/revisions"}],"predecessor-version":[{"id":5711,"href":"https:\/\/www.huettemann-logistik.de\/nl\/wp-json\/wp\/v2\/pages\/5710\/revisions\/5711"}],"wp:attachment":[{"href":"https:\/\/www.huettemann-logistik.de\/nl\/wp-json\/wp\/v2\/media?parent=5710"}],"curies":[{"name":"wp","href":"https:\/\/api.w.org\/{rel}","templated":true}]}}