{"id":4943,"date":"2021-05-27T10:20:58","date_gmt":"2021-05-27T08:20:58","guid":{"rendered":"https:\/\/www.huettemann-logistik.de\/unternehmensgruppe\/unsere-unternehmen\/gille-jenssen-baustoffe\/"},"modified":"2022-11-08T15:16:25","modified_gmt":"2022-11-08T14:16:25","slug":"gille-jenssen-baustoffe","status":"publish","type":"page","link":"https:\/\/www.huettemann-logistik.de\/nl\/unternehmensgruppe\/unsere-unternehmen\/gille-jenssen-baustoffe\/","title":{"rendered":"Gille-Jenssen Baustoffe"},"content":{"rendered":"<div class=\"wpb-content-wrapper\"><p>[vc_section][vc_row][vc_column][vc_column_text]<\/p>\n<h1>Gille-Jenssen Baustoffe<\/h1>\n<p>[\/vc_column_text][vc_row_inner][vc_column_inner width=&#8221;1\/3&#8243; offset=&#8221;vc_col-lg-offset-0 vc_col-xs-offset-1 vc_col-xs-3&#8243;][vc_single_image image=&#8221;4454&#8243; alignment=&#8221;center&#8221;][\/vc_column_inner][vc_column_inner width=&#8221;2\/3&#8243;][vc_column_text]Gille-Hermann Jenssen GmbH is onze specialist voor de bouwmaterialenhandel. Ongeveer 40 werknemers zijn op twee locaties werkzaam in de bouw, de weg- en waterbouw en de wegenbouw. Vanuit Bremen en Vlotho bedienen zij vooral klanten in Noord-Duitsland. De diensten omvatten de levering van bulk- en gerecycleerde bouwmaterialen, de levering en verwijdering van energiecentrales, de levering van vliegas van steenkool, en de handel in en het vervoer van cement en kalksteenpoeder.<\/p>\n<p><span>Meer informatie vindt u <a href=\"https:\/\/www.gille-jenssen.de\/\"><strong>hier<\/strong><\/a>.<\/span>[\/vc_column_text][\/vc_column_inner][\/vc_row_inner][\/vc_column][\/vc_row][\/vc_section][vc_section][vc_row][vc_column][vc_column_text]<\/p>\n<h2>Onze locaties<\/h2>\n<p>[\/vc_column_text]\n            <style>\n                .standortitem {\n                    padding: 30px;\n                    box-shadow: 0 0 10px rgb(0 0 0 \/ 5%);\n                    height: 100%;\n                    border:1px solid #ddd;\n                }\n                .standortitem .fa-ul p:last-child { margin: 0}\n                .standortitem .fa-ul { margin-bottom: 0}\n            <\/style>\n            <div class=\"row\">\n                                    <div class=\"col-12 col-lg-6 gap\">\n                        <div class=\"standortitem\">\n                            <div class=\"row\">\n                                <div class=\"col-6 offset-3 offset-lg-0 col-lg-3 gap\">\n                                    <div style=\"max-height:300px; overflow:hidden; background-color: #f0f0f0\">\n                                        <img decoding=\"async\" class=\"\" style=\"top:15px\"\n                                             src=\"https:\/\/www.huettemann-logistik.de\/wp-content\/uploads\/2022\/01\/Gille-Jenssen_Baustoffe_blau_2020_rgb-400x364.jpg\">\n                                    <\/div>\n                                <\/div>\n                                <div class=\"col-12 col-lg-8 align-self-center\">\n                                    <div class=\"row\">\n                                        <div class=\"col-12\">\n                                            <h3>Bremen<\/h3>\n                                                            <\/div>\n                                                                                    <div class=\"col-12\">\n                                                <div class=\"row\">\n                                                    <div class=\"col-12\">\n                                                        <p class=\"no-margin\">\n                                                            <b>\n                                                                Contact gegevens                                                            <\/b>\n                                                        <\/p>\n                                                    <\/div>\n                                                    <ul class=\"fa-ul\">\n                                                                                                                    <li><span class=\"fa-li\"><i class=\"far fa-map-marker\"><\/i>\n                                                                                                                            <\/span> <p>Gille-Hermann Jenssen GmbH<br \/>\nMichael Ogilvie<br \/>\nArster Hemm 64<br \/>\n28279 Bremen<br \/>\nDuitsland<\/p>\n                                                            <\/li>\n                                                                                                                                                                            <li>\n                                                                <span class=\"fa-li\"><i class=\"far fa-phone\"><\/i><\/span> +49 421 84953-0                                                            <\/li>\n                                                                                                                                                                            <li><span class=\"fa-li\"><i class=\"far fa-envelope\"><\/i> <\/span>\n                                                                <a href=\"mailto:m.ogilvie@gille-jenssen.de\">   m.ogilvie@gille-jenssen.de                                                                <\/a>\n                                                            <\/li>\n                                                                                                            <\/ul>\n                                                                                                    <\/div>\n                                            <\/div>\n                                                                            <\/div>\n                                <\/div>\n                            <\/div>\n                        <\/div>\n                    <\/div>\n                                        <div class=\"col-12 col-lg-6 gap\">\n                        <div class=\"standortitem\">\n                            <div class=\"row\">\n                                <div class=\"col-6 offset-3 offset-lg-0 col-lg-3 gap\">\n                                    <div style=\"max-height:300px; overflow:hidden; background-color: #f0f0f0\">\n                                        <img decoding=\"async\" class=\"\" style=\"top:15px\"\n                                             src=\"https:\/\/www.huettemann-logistik.de\/wp-content\/uploads\/2022\/01\/Gille-Jenssen_Baustoffe_blau_2020_rgb-400x364.jpg\">\n                                    <\/div>\n                                <\/div>\n                                <div class=\"col-12 col-lg-8 align-self-center\">\n                                    <div class=\"row\">\n                                        <div class=\"col-12\">\n                                            <h3>Vlotho<\/h3>\n                                                            <\/div>\n                                                                                    <div class=\"col-12\">\n                                                <div class=\"row\">\n                                                    <div class=\"col-12\">\n                                                        <p class=\"no-margin\">\n                                                            <b>\n                                                                Contact gegevens                                                            <\/b>\n                                                        <\/p>\n                                                    <\/div>\n                                                    <ul class=\"fa-ul\">\n                                                                                                                    <li><span class=\"fa-li\"><i class=\"far fa-map-marker\"><\/i>\n                                                                                                                            <\/span> <p>Gille-Jenssen Baustoffe GmbH<br \/>\nJ\u00f6rg Pr\u00fc\u00dfner<br \/>\nWilhelmstra\u00dfe 7<br \/>\n32602 Vlotho<br \/>\nDuitsland<\/p>\n                                                            <\/li>\n                                                                                                                                                                            <li>\n                                                                <span class=\"fa-li\"><i class=\"far fa-phone\"><\/i><\/span> +49 5733 963544                                                            <\/li>\n                                                                                                                                                                            <li><span class=\"fa-li\"><i class=\"far fa-envelope\"><\/i> <\/span>\n                                                                <a href=\"mailto:j. pruessner@gille-jenssen.de\">   j. pruessner@gille-jenssen.de                                                                <\/a>\n                                                            <\/li>\n                                                                                                            <\/ul>\n                                                                                                    <\/div>\n                                            <\/div>\n                                                                            <\/div>\n                                <\/div>\n                            <\/div>\n                        <\/div>\n                    <\/div>\n                                <\/div>\n            [\/vc_column][\/vc_row][\/vc_section]<\/p>\n<\/div>","protected":false},"excerpt":{"rendered":"<p>[vc_section][vc_row][vc_column][vc_column_text] Gille-Jenssen Baustoffe [\/vc_column_text][vc_row_inner][vc_column_inner width=&#8221;1\/3&#8243; offset=&#8221;vc_col-lg-offset-0 vc_col-xs-offset-1 vc_col-xs-3&#8243;][vc_single_image image=&#8221;4454&#8243; alignment=&#8221;center&#8221;][\/vc_column_inner][vc_column_inner width=&#8221;2\/3&#8243;][vc_column_text]Gille-Hermann Jenssen GmbH is onze specialist voor de bouwmaterialenhandel. Ongeveer<\/p>\n","protected":false},"author":1,"featured_media":0,"parent":4927,"menu_order":0,"comment_status":"closed","ping_status":"closed","template":"","meta":{"_acf_changed":false,"inline_featured_image":false,"footnotes":""},"class_list":["post-4943","page","type-page","status-publish","hentry"],"acf":[],"yoast_head":"<!-- This site is optimized with the Yoast SEO plugin v27.4 - https:\/\/yoast.com\/product\/yoast-seo-wordpress\/ -->\n<title>Gille-Jenssen Baustoffe - HUETTEMANN Group<\/title>\n<meta name=\"description\" content=\"Deskundigen op het gebied van de levering van bulk- en gerecycleerde bouwmaterialen, alsmede van steenkoolvliegas, de handel in en het vervoer van cement.\" \/>\n<meta name=\"robots\" content=\"index, follow, max-snippet:-1, max-image-preview:large, max-video-preview:-1\" \/>\n<link rel=\"canonical\" href=\"https:\/\/www.huettemann-logistik.de\/nl\/unternehmensgruppe\/unsere-unternehmen\/gille-jenssen-baustoffe\/\" \/>\n<meta property=\"og:locale\" content=\"nl_NL\" \/>\n<meta property=\"og:type\" content=\"article\" \/>\n<meta property=\"og:title\" content=\"Gille-Jenssen Baustoffe - HUETTEMANN Group\" \/>\n<meta property=\"og:description\" content=\"Deskundigen op het gebied van de levering van bulk- en gerecycleerde bouwmaterialen, alsmede van steenkoolvliegas, de handel in en het vervoer van cement.\" \/>\n<meta property=\"og:url\" content=\"https:\/\/www.huettemann-logistik.de\/nl\/unternehmensgruppe\/unsere-unternehmen\/gille-jenssen-baustoffe\/\" \/>\n<meta property=\"og:site_name\" content=\"HUETTEMANN Group\" \/>\n<meta property=\"article:modified_time\" content=\"2022-11-08T14:16:25+00:00\" \/>\n<meta name=\"twitter:card\" content=\"summary_large_image\" \/>\n<meta name=\"twitter:label1\" content=\"Geschatte leestijd\" \/>\n\t<meta name=\"twitter:data1\" content=\"1 minuut\" \/>\n<script type=\"application\/ld+json\" class=\"yoast-schema-graph\">{\"@context\":\"https:\\\/\\\/schema.org\",\"@graph\":[{\"@type\":\"WebPage\",\"@id\":\"https:\\\/\\\/www.huettemann-logistik.de\\\/nl\\\/unternehmensgruppe\\\/unsere-unternehmen\\\/gille-jenssen-baustoffe\\\/\",\"url\":\"https:\\\/\\\/www.huettemann-logistik.de\\\/nl\\\/unternehmensgruppe\\\/unsere-unternehmen\\\/gille-jenssen-baustoffe\\\/\",\"name\":\"Gille-Jenssen Baustoffe - HUETTEMANN Group\",\"isPartOf\":{\"@id\":\"https:\\\/\\\/www.huettemann-logistik.de\\\/nl\\\/#website\"},\"datePublished\":\"2021-05-27T08:20:58+00:00\",\"dateModified\":\"2022-11-08T14:16:25+00:00\",\"description\":\"Deskundigen op het gebied van de levering van bulk- en gerecycleerde bouwmaterialen, alsmede van steenkoolvliegas, de handel in en het vervoer van cement.\",\"breadcrumb\":{\"@id\":\"https:\\\/\\\/www.huettemann-logistik.de\\\/nl\\\/unternehmensgruppe\\\/unsere-unternehmen\\\/gille-jenssen-baustoffe\\\/#breadcrumb\"},\"inLanguage\":\"nl-NL\",\"potentialAction\":[{\"@type\":\"ReadAction\",\"target\":[\"https:\\\/\\\/www.huettemann-logistik.de\\\/nl\\\/unternehmensgruppe\\\/unsere-unternehmen\\\/gille-jenssen-baustoffe\\\/\"]}]},{\"@type\":\"BreadcrumbList\",\"@id\":\"https:\\\/\\\/www.huettemann-logistik.de\\\/nl\\\/unternehmensgruppe\\\/unsere-unternehmen\\\/gille-jenssen-baustoffe\\\/#breadcrumb\",\"itemListElement\":[{\"@type\":\"ListItem\",\"position\":1,\"name\":\"Home\",\"item\":\"https:\\\/\\\/www.huettemann-logistik.de\\\/nl\\\/\"},{\"@type\":\"ListItem\",\"position\":2,\"name\":\"Groep van ondernemingen\",\"item\":\"https:\\\/\\\/www.huettemann-logistik.de\\\/nl\\\/unternehmensgruppe\\\/\"},{\"@type\":\"ListItem\",\"position\":3,\"name\":\"Onze bedrijven\",\"item\":\"https:\\\/\\\/www.huettemann-logistik.de\\\/nl\\\/unternehmensgruppe\\\/unsere-unternehmen\\\/\"},{\"@type\":\"ListItem\",\"position\":4,\"name\":\"Gille-Jenssen Baustoffe\"}]},{\"@type\":\"WebSite\",\"@id\":\"https:\\\/\\\/www.huettemann-logistik.de\\\/nl\\\/#website\",\"url\":\"https:\\\/\\\/www.huettemann-logistik.de\\\/nl\\\/\",\"name\":\"HUETTEMANN Group\",\"description\":\"Spedition, Transport, Lagerung, Fulfillment, Verzollung, Seefracht, ecommerce und Onlineshops - Logistics and More\",\"potentialAction\":[{\"@type\":\"SearchAction\",\"target\":{\"@type\":\"EntryPoint\",\"urlTemplate\":\"https:\\\/\\\/www.huettemann-logistik.de\\\/nl\\\/?s={search_term_string}\"},\"query-input\":{\"@type\":\"PropertyValueSpecification\",\"valueRequired\":true,\"valueName\":\"search_term_string\"}}],\"inLanguage\":\"nl-NL\"}]}<\/script>\n<!-- \/ Yoast SEO plugin. -->","yoast_head_json":{"title":"Gille-Jenssen Baustoffe - HUETTEMANN Group","description":"Deskundigen op het gebied van de levering van bulk- en gerecycleerde bouwmaterialen, alsmede van steenkoolvliegas, de handel in en het vervoer van cement.","robots":{"index":"index","follow":"follow","max-snippet":"max-snippet:-1","max-image-preview":"max-image-preview:large","max-video-preview":"max-video-preview:-1"},"canonical":"https:\/\/www.huettemann-logistik.de\/nl\/unternehmensgruppe\/unsere-unternehmen\/gille-jenssen-baustoffe\/","og_locale":"nl_NL","og_type":"article","og_title":"Gille-Jenssen Baustoffe - HUETTEMANN Group","og_description":"Deskundigen op het gebied van de levering van bulk- en gerecycleerde bouwmaterialen, alsmede van steenkoolvliegas, de handel in en het vervoer van cement.","og_url":"https:\/\/www.huettemann-logistik.de\/nl\/unternehmensgruppe\/unsere-unternehmen\/gille-jenssen-baustoffe\/","og_site_name":"HUETTEMANN Group","article_modified_time":"2022-11-08T14:16:25+00:00","twitter_card":"summary_large_image","twitter_misc":{"Geschatte leestijd":"1 minuut"},"schema":{"@context":"https:\/\/schema.org","@graph":[{"@type":"WebPage","@id":"https:\/\/www.huettemann-logistik.de\/nl\/unternehmensgruppe\/unsere-unternehmen\/gille-jenssen-baustoffe\/","url":"https:\/\/www.huettemann-logistik.de\/nl\/unternehmensgruppe\/unsere-unternehmen\/gille-jenssen-baustoffe\/","name":"Gille-Jenssen Baustoffe - HUETTEMANN Group","isPartOf":{"@id":"https:\/\/www.huettemann-logistik.de\/nl\/#website"},"datePublished":"2021-05-27T08:20:58+00:00","dateModified":"2022-11-08T14:16:25+00:00","description":"Deskundigen op het gebied van de levering van bulk- en gerecycleerde bouwmaterialen, alsmede van steenkoolvliegas, de handel in en het vervoer van cement.","breadcrumb":{"@id":"https:\/\/www.huettemann-logistik.de\/nl\/unternehmensgruppe\/unsere-unternehmen\/gille-jenssen-baustoffe\/#breadcrumb"},"inLanguage":"nl-NL","potentialAction":[{"@type":"ReadAction","target":["https:\/\/www.huettemann-logistik.de\/nl\/unternehmensgruppe\/unsere-unternehmen\/gille-jenssen-baustoffe\/"]}]},{"@type":"BreadcrumbList","@id":"https:\/\/www.huettemann-logistik.de\/nl\/unternehmensgruppe\/unsere-unternehmen\/gille-jenssen-baustoffe\/#breadcrumb","itemListElement":[{"@type":"ListItem","position":1,"name":"Home","item":"https:\/\/www.huettemann-logistik.de\/nl\/"},{"@type":"ListItem","position":2,"name":"Groep van ondernemingen","item":"https:\/\/www.huettemann-logistik.de\/nl\/unternehmensgruppe\/"},{"@type":"ListItem","position":3,"name":"Onze bedrijven","item":"https:\/\/www.huettemann-logistik.de\/nl\/unternehmensgruppe\/unsere-unternehmen\/"},{"@type":"ListItem","position":4,"name":"Gille-Jenssen Baustoffe"}]},{"@type":"WebSite","@id":"https:\/\/www.huettemann-logistik.de\/nl\/#website","url":"https:\/\/www.huettemann-logistik.de\/nl\/","name":"HUETTEMANN Group","description":"Spedition, Transport, Lagerung, Fulfillment, Verzollung, Seefracht, ecommerce und Onlineshops - Logistics and More","potentialAction":[{"@type":"SearchAction","target":{"@type":"EntryPoint","urlTemplate":"https:\/\/www.huettemann-logistik.de\/nl\/?s={search_term_string}"},"query-input":{"@type":"PropertyValueSpecification","valueRequired":true,"valueName":"search_term_string"}}],"inLanguage":"nl-NL"}]}},"_links":{"self":[{"href":"https:\/\/www.huettemann-logistik.de\/nl\/wp-json\/wp\/v2\/pages\/4943","targetHints":{"allow":["GET"]}}],"collection":[{"href":"https:\/\/www.huettemann-logistik.de\/nl\/wp-json\/wp\/v2\/pages"}],"about":[{"href":"https:\/\/www.huettemann-logistik.de\/nl\/wp-json\/wp\/v2\/types\/page"}],"author":[{"embeddable":true,"href":"https:\/\/www.huettemann-logistik.de\/nl\/wp-json\/wp\/v2\/users\/1"}],"replies":[{"embeddable":true,"href":"https:\/\/www.huettemann-logistik.de\/nl\/wp-json\/wp\/v2\/comments?post=4943"}],"version-history":[{"count":7,"href":"https:\/\/www.huettemann-logistik.de\/nl\/wp-json\/wp\/v2\/pages\/4943\/revisions"}],"predecessor-version":[{"id":6255,"href":"https:\/\/www.huettemann-logistik.de\/nl\/wp-json\/wp\/v2\/pages\/4943\/revisions\/6255"}],"up":[{"embeddable":true,"href":"https:\/\/www.huettemann-logistik.de\/nl\/wp-json\/wp\/v2\/pages\/4927"}],"wp:attachment":[{"href":"https:\/\/www.huettemann-logistik.de\/nl\/wp-json\/wp\/v2\/media?parent=4943"}],"curies":[{"name":"wp","href":"https:\/\/api.w.org\/{rel}","templated":true}]}}