{"id":4837,"date":"2021-05-27T10:22:56","date_gmt":"2021-05-27T08:22:56","guid":{"rendered":"https:\/\/www.huettemann-logistik.de\/unternehmensgruppe\/unternehmenswerte\/"},"modified":"2022-02-21T13:52:14","modified_gmt":"2022-02-21T12:52:14","slug":"unternehmenswerte","status":"publish","type":"page","link":"https:\/\/www.huettemann-logistik.de\/nl\/unternehmensgruppe\/unternehmenswerte\/","title":{"rendered":"Bedrijfswaarden"},"content":{"rendered":"<div class=\"wpb-content-wrapper\"><p>[vc_section][vc_row][vc_column][vc_column_text]<\/p>\n<h1>Het kompas naar succes<\/h1>\n<p>[\/vc_column_text][vc_row_inner][vc_column_inner width=&#8221;1\/2&#8243;][vc_column_text]Onze waarden vormen de basis van ons denken en handelen. Daarmee hebben we ons ontwikkeld tot een innovatieve bedrijvengroep die z\u2019n wortels kent. Als logistiek familiebedrijf verbinden wij tegenwoordig de hele wereld. Om mensen toegang te geven tot wat hun bedrijf en hun leven drijft. Als een kompas wijzen onze waarden ons in de juiste richting.[\/vc_column_text][\/vc_column_inner][vc_column_inner width=&#8221;1\/2&#8243;][vc_column_text]Al meer dan 65 jaar, weten we: hetzelfde doel hebben is \u00e9\u00e9n ding. Het samen bereiken is iets anders. De sleutel tot succes is de weg ernaartoe. Daarom richten wij ons op partnerschap op basis van gelijkwaardigheid. Samen slagen we er elke dag in om complexe logistieke uitdagingen op te lossen.[\/vc_column_text][\/vc_column_inner][\/vc_row_inner][\/vc_column][\/vc_row][\/vc_section][vc_section][vc_row][vc_column][vc_column_text]<\/p>\n<h2>Onze kernwaarden<\/h2>\n<p>[\/vc_column_text][\/vc_column][\/vc_row][vc_row][vc_column]        <style>\r\n            .innercontent {\r\n                padding: 30px;\r\n                margin: -60px 0 60px 60px;\r\n                background-color: #fff;\r\n                position: relative;\r\n                z-index: 5;\r\n            }\r\n\r\n            @media (min-width: 992px) {\r\n                .righttextcol .innercontent {\r\n                    padding: 50px;\r\n                    margin: 50px 0 0 -100px;\r\n                }\r\n\r\n                .lefttextcol .innercontent {\r\n                    padding: 50px;\r\n                    margin: 50px -100px 0 0px;\r\n                }\r\n\r\n                .righttextcol .innercontent {\r\n                    padding-right: 0\r\n                }\r\n\r\n                .lefttextcol .innercontent {\r\n                    padding-left: 0\r\n                }\r\n            }\r\n\r\n            .innercontent > p:first-child {\r\n                display: none\r\n            }\r\n\r\n\r\n        <\/style>\r\n        <div class=\"textbild\">\r\n            <div class=\"row gap justify-content-between\">\r\n                <div class=\"col-8 col-lg-6 order-0 leftcol order-lg-0 \">\r\n                    <img decoding=\"async\" width=\"768\" height=\"512\" src=\"https:\/\/www.huettemann-logistik.de\/wp-content\/uploads\/2021\/11\/MicrosoftTeams-image-9-768x512.jpg\" class=\"attachment-medium size-medium\" alt=\"\" srcset=\"https:\/\/www.huettemann-logistik.de\/wp-content\/uploads\/2021\/11\/MicrosoftTeams-image-9-768x512.jpg 768w, https:\/\/www.huettemann-logistik.de\/wp-content\/uploads\/2021\/11\/MicrosoftTeams-image-9-1200x800.jpg 1200w, https:\/\/www.huettemann-logistik.de\/wp-content\/uploads\/2021\/11\/MicrosoftTeams-image-9-400x267.jpg 400w, https:\/\/www.huettemann-logistik.de\/wp-content\/uploads\/2021\/11\/MicrosoftTeams-image-9-1536x1024.jpg 1536w, https:\/\/www.huettemann-logistik.de\/wp-content\/uploads\/2021\/11\/MicrosoftTeams-image-9-2048x1365.jpg 2048w, https:\/\/www.huettemann-logistik.de\/wp-content\/uploads\/2021\/11\/MicrosoftTeams-image-9-46x31.jpg 46w, https:\/\/www.huettemann-logistik.de\/wp-content\/uploads\/2021\/11\/MicrosoftTeams-image-9-250x167.jpg 250w, https:\/\/www.huettemann-logistik.de\/wp-content\/uploads\/2021\/11\/MicrosoftTeams-image-9-550x367.jpg 550w, https:\/\/www.huettemann-logistik.de\/wp-content\/uploads\/2021\/11\/MicrosoftTeams-image-9-scaled.jpg 1920w, https:\/\/www.huettemann-logistik.de\/wp-content\/uploads\/2021\/11\/MicrosoftTeams-image-9-1320x880.jpg 1320w\" sizes=\"100vw\" \/>                <\/div>\r\n                <div class=\"col-12 col-lg-6 order-1  righttextcol\">\r\n                    <div class=\"innercontent\">\r\n                        <\/p>\n<h3>HET DRAAIT OM MENSEN<\/h3>\n<p>Kracht, samenhang, passie en streven naar gemeenschappelijk succes: dit alles hebben wij te danken aan de mensen die Huettemann vormen. Van de receptie tot het magazijn, van de chauffeurs tot de directie. Onze mensen zijn onze unieke drijvende kracht. Mensen die zich inzetten voor het gemeenschappelijke doel. En die terecht het beste verdienen: ons respect, onze aandacht, onze waardering en onze oprechtheid. Hetzelfde geldt voor onze partners en klanten. Want het is m\u00e9t hen en v\u00f3\u00f3r hen dat wij samen de logistieke oplossingen ontwikkelen die echt het verschil maken.                    <\/div>\r\n                <\/div>\r\n            <\/div>\r\n        <\/div>\r\n        [\/vc_column][\/vc_row][vc_row][vc_column]        <style>\r\n            .innercontent {\r\n                padding: 30px;\r\n                margin: -60px 0 60px 60px;\r\n                background-color: #fff;\r\n                position: relative;\r\n                z-index: 5;\r\n            }\r\n\r\n            @media (min-width: 992px) {\r\n                .righttextcol .innercontent {\r\n                    padding: 50px;\r\n                    margin: 50px 0 0 -100px;\r\n                }\r\n\r\n                .lefttextcol .innercontent {\r\n                    padding: 50px;\r\n                    margin: 50px -100px 0 0px;\r\n                }\r\n\r\n                .righttextcol .innercontent {\r\n                    padding-right: 0\r\n                }\r\n\r\n                .lefttextcol .innercontent {\r\n                    padding-left: 0\r\n                }\r\n            }\r\n\r\n            .innercontent > p:first-child {\r\n                display: none\r\n            }\r\n\r\n\r\n        <\/style>\r\n        <div class=\"textbild\">\r\n            <div class=\"row gap justify-content-between\">\r\n                <div class=\"col-8 col-lg-6 order-0  order-lg-2 \">\r\n                    <img decoding=\"async\" width=\"768\" height=\"512\" src=\"https:\/\/www.huettemann-logistik.de\/wp-content\/uploads\/2021\/08\/HUETTEMANN-JULI-20202202-1-768x512.jpg\" class=\"attachment-medium size-medium\" alt=\"\" srcset=\"https:\/\/www.huettemann-logistik.de\/wp-content\/uploads\/2021\/08\/HUETTEMANN-JULI-20202202-1-768x512.jpg 768w, https:\/\/www.huettemann-logistik.de\/wp-content\/uploads\/2021\/08\/HUETTEMANN-JULI-20202202-1-1200x800.jpg 1200w, https:\/\/www.huettemann-logistik.de\/wp-content\/uploads\/2021\/08\/HUETTEMANN-JULI-20202202-1-400x267.jpg 400w, https:\/\/www.huettemann-logistik.de\/wp-content\/uploads\/2021\/08\/HUETTEMANN-JULI-20202202-1-1536x1024.jpg 1536w, https:\/\/www.huettemann-logistik.de\/wp-content\/uploads\/2021\/08\/HUETTEMANN-JULI-20202202-1-2048x1365.jpg 2048w, https:\/\/www.huettemann-logistik.de\/wp-content\/uploads\/2021\/08\/HUETTEMANN-JULI-20202202-1-46x31.jpg 46w, https:\/\/www.huettemann-logistik.de\/wp-content\/uploads\/2021\/08\/HUETTEMANN-JULI-20202202-1-250x167.jpg 250w, https:\/\/www.huettemann-logistik.de\/wp-content\/uploads\/2021\/08\/HUETTEMANN-JULI-20202202-1-550x367.jpg 550w, https:\/\/www.huettemann-logistik.de\/wp-content\/uploads\/2021\/08\/HUETTEMANN-JULI-20202202-1-1920x1280.jpg 1920w, https:\/\/www.huettemann-logistik.de\/wp-content\/uploads\/2021\/08\/HUETTEMANN-JULI-20202202-1-1320x880.jpg 1320w\" sizes=\"100vw\" \/>                <\/div>\r\n                <div class=\"col-12 col-lg-6 order-1  lefttextcol\">\r\n                    <div class=\"innercontent\">\r\n                        <\/p>\n<h3>STOP NOOIT MET LEREN<\/h3>\n<p>We zijn niet te stoppen. We zijn nieuwsgierig. We blijven in beweging. Omdat wij geloven dat voortdurende verandering en flexibiliteit van cruciaal belang zijn voor onze vooruitgang. Leren houdt nooit op. Niet voor ons als groep en niet voor het individu. Daarom bieden wij vrijheid en ruimte voor de ontwikkeling van talenten, doelen en dromen. Daarin ligt de sleutel tot gelukkige werknemers, tevreden klanten en de beste resultaten.                    <\/div>\r\n                <\/div>\r\n            <\/div>\r\n        <\/div>\r\n        [\/vc_column][\/vc_row][vc_row][vc_column]        <style>\r\n            .innercontent {\r\n                padding: 30px;\r\n                margin: -60px 0 60px 60px;\r\n                background-color: #fff;\r\n                position: relative;\r\n                z-index: 5;\r\n            }\r\n\r\n            @media (min-width: 992px) {\r\n                .righttextcol .innercontent {\r\n                    padding: 50px;\r\n                    margin: 50px 0 0 -100px;\r\n                }\r\n\r\n                .lefttextcol .innercontent {\r\n                    padding: 50px;\r\n                    margin: 50px -100px 0 0px;\r\n                }\r\n\r\n                .righttextcol .innercontent {\r\n                    padding-right: 0\r\n                }\r\n\r\n                .lefttextcol .innercontent {\r\n                    padding-left: 0\r\n                }\r\n            }\r\n\r\n            .innercontent > p:first-child {\r\n                display: none\r\n            }\r\n\r\n\r\n        <\/style>\r\n        <div class=\"textbild\">\r\n            <div class=\"row gap justify-content-between\">\r\n                <div class=\"col-8 col-lg-6 order-0 leftcol order-lg-0 \">\r\n                    <img decoding=\"async\" width=\"768\" height=\"512\" src=\"https:\/\/www.huettemann-logistik.de\/wp-content\/uploads\/2021\/08\/iStock-1181366400-1-768x512.jpg\" class=\"attachment-medium size-medium\" alt=\"\" srcset=\"https:\/\/www.huettemann-logistik.de\/wp-content\/uploads\/2021\/08\/iStock-1181366400-1-768x512.jpg 768w, https:\/\/www.huettemann-logistik.de\/wp-content\/uploads\/2021\/08\/iStock-1181366400-1-1200x800.jpg 1200w, https:\/\/www.huettemann-logistik.de\/wp-content\/uploads\/2021\/08\/iStock-1181366400-1-400x267.jpg 400w, https:\/\/www.huettemann-logistik.de\/wp-content\/uploads\/2021\/08\/iStock-1181366400-1-1536x1024.jpg 1536w, https:\/\/www.huettemann-logistik.de\/wp-content\/uploads\/2021\/08\/iStock-1181366400-1-2048x1366.jpg 2048w, https:\/\/www.huettemann-logistik.de\/wp-content\/uploads\/2021\/08\/iStock-1181366400-1-46x31.jpg 46w, https:\/\/www.huettemann-logistik.de\/wp-content\/uploads\/2021\/08\/iStock-1181366400-1-250x167.jpg 250w, https:\/\/www.huettemann-logistik.de\/wp-content\/uploads\/2021\/08\/iStock-1181366400-1-550x367.jpg 550w, https:\/\/www.huettemann-logistik.de\/wp-content\/uploads\/2021\/08\/iStock-1181366400-1-1920x1280.jpg 1920w, https:\/\/www.huettemann-logistik.de\/wp-content\/uploads\/2021\/08\/iStock-1181366400-1-1320x880.jpg 1320w\" sizes=\"100vw\" \/>                <\/div>\r\n                <div class=\"col-12 col-lg-6 order-1  righttextcol\">\r\n                    <div class=\"innercontent\">\r\n                        <\/p>\n<h3>DENK AAN DE WERELD<\/h3>\n<p>Wij voelen ons verbonden met de regio en de wereld om ons heen. En we zijn ons bewust van de voetafdruk die we achterlaten als logistiek dienstverlener. Daarom nemen we onze verantwoordelijkheid en streven we naar echte duurzaamheid &#8211; ecologisch, economisch en sociaal. Dat doel hebben we nog lang niet bereikt, maar we zijn op weg. Stap voor stap maken wij ons bedrijf, de supplychains van onze klanten en onze sector klimaatneutraler. Omdat solidariteit en duurzaamheid verder gaan dan klimaatbescherming, steunen wij diverse sociale projecten en initiatieven. Hier vindt u meer informatie.                    <\/div>\r\n                <\/div>\r\n            <\/div>\r\n        <\/div>\r\n        [\/vc_column][\/vc_row][vc_row][vc_column]        <style>\r\n            .innercontent {\r\n                padding: 30px;\r\n                margin: -60px 0 60px 60px;\r\n                background-color: #fff;\r\n                position: relative;\r\n                z-index: 5;\r\n            }\r\n\r\n            @media (min-width: 992px) {\r\n                .righttextcol .innercontent {\r\n                    padding: 50px;\r\n                    margin: 50px 0 0 -100px;\r\n                }\r\n\r\n                .lefttextcol .innercontent {\r\n                    padding: 50px;\r\n                    margin: 50px -100px 0 0px;\r\n                }\r\n\r\n                .righttextcol .innercontent {\r\n                    padding-right: 0\r\n                }\r\n\r\n                .lefttextcol .innercontent {\r\n                    padding-left: 0\r\n                }\r\n            }\r\n\r\n            .innercontent > p:first-child {\r\n                display: none\r\n            }\r\n\r\n\r\n        <\/style>\r\n        <div class=\"textbild\">\r\n            <div class=\"row gap justify-content-between\">\r\n                <div class=\"col-8 col-lg-6 order-0  order-lg-2 \">\r\n                    <img decoding=\"async\" width=\"768\" height=\"512\" src=\"https:\/\/www.huettemann-logistik.de\/wp-content\/uploads\/2021\/11\/MicrosoftTeams-image-10-768x512.jpg\" class=\"attachment-medium size-medium\" alt=\"\" srcset=\"https:\/\/www.huettemann-logistik.de\/wp-content\/uploads\/2021\/11\/MicrosoftTeams-image-10-768x512.jpg 768w, https:\/\/www.huettemann-logistik.de\/wp-content\/uploads\/2021\/11\/MicrosoftTeams-image-10-1200x800.jpg 1200w, https:\/\/www.huettemann-logistik.de\/wp-content\/uploads\/2021\/11\/MicrosoftTeams-image-10-400x267.jpg 400w, https:\/\/www.huettemann-logistik.de\/wp-content\/uploads\/2021\/11\/MicrosoftTeams-image-10-1536x1024.jpg 1536w, https:\/\/www.huettemann-logistik.de\/wp-content\/uploads\/2021\/11\/MicrosoftTeams-image-10-2048x1365.jpg 2048w, https:\/\/www.huettemann-logistik.de\/wp-content\/uploads\/2021\/11\/MicrosoftTeams-image-10-46x31.jpg 46w, https:\/\/www.huettemann-logistik.de\/wp-content\/uploads\/2021\/11\/MicrosoftTeams-image-10-250x167.jpg 250w, https:\/\/www.huettemann-logistik.de\/wp-content\/uploads\/2021\/11\/MicrosoftTeams-image-10-550x367.jpg 550w, https:\/\/www.huettemann-logistik.de\/wp-content\/uploads\/2021\/11\/MicrosoftTeams-image-10-scaled.jpg 1920w, https:\/\/www.huettemann-logistik.de\/wp-content\/uploads\/2021\/11\/MicrosoftTeams-image-10-1320x880.jpg 1320w\" sizes=\"100vw\" \/>                <\/div>\r\n                <div class=\"col-12 col-lg-6 order-1  lefttextcol\">\r\n                    <div class=\"innercontent\">\r\n                        <\/p>\n<h3>GA VOOR KWALITEIT<\/h3>\n<p>Er zijn weinig dingen waarin we compromisloos zijn &#8211; maar als het op de kwaliteit van onze diensten aankomt, zijn er geen concessies. Want wat we ook doen, we doen het echt goed. Anders doen we het helemaal niet. Dit is de enige manier om de beste resultaten te bereiken &#8211; zowel voor ons bedrijf als voor onze cli\u00ebnten. We zijn kritisch, gepassioneerd en gemotiveerd. Wij zien problemen als uitdagingen en kansen, om boven onszelf uit te stijgen. Met deze instelling ontwikkelen wij als een sterk team oplossingen op maat. Onze klanten waarderen dat. En ze weten: kwaliteit heeft haar prijs. Daarom zijn wij niet de goedkoopste. Maar kwaliteit betaalt zich uit &#8211; dit wordt bewezen door de jarenlange, goede samenwerking met onze klanten en partners.                    <\/div>\r\n                <\/div>\r\n            <\/div>\r\n        <\/div>\r\n        [\/vc_column][\/vc_row][\/vc_section][vc_row][vc_column]        <style>\r\n            .innercontent {\r\n                padding: 30px;\r\n                margin: -60px 0 60px 60px;\r\n                background-color: #fff;\r\n                position: relative;\r\n                z-index: 5;\r\n            }\r\n\r\n            @media (min-width: 992px) {\r\n                .righttextcol .innercontent {\r\n                    padding: 50px;\r\n                    margin: 50px 0 0 -100px;\r\n                }\r\n\r\n                .lefttextcol .innercontent {\r\n                    padding: 50px;\r\n                    margin: 50px -100px 0 0px;\r\n                }\r\n\r\n                .righttextcol .innercontent {\r\n                    padding-right: 0\r\n                }\r\n\r\n                .lefttextcol .innercontent {\r\n                    padding-left: 0\r\n                }\r\n            }\r\n\r\n            .innercontent > p:first-child {\r\n                display: none\r\n            }\r\n\r\n\r\n        <\/style>\r\n        <div class=\"textbild\">\r\n            <div class=\"row gap justify-content-between\">\r\n                <div class=\"col-8 col-lg-6 order-0 leftcol order-lg-0 \">\r\n                    <img decoding=\"async\" width=\"768\" height=\"512\" src=\"https:\/\/www.huettemann-logistik.de\/wp-content\/uploads\/2022\/01\/iStock-1285071058-768x512.jpg\" class=\"attachment-medium size-medium\" alt=\"\" srcset=\"https:\/\/www.huettemann-logistik.de\/wp-content\/uploads\/2022\/01\/iStock-1285071058-768x512.jpg 768w, https:\/\/www.huettemann-logistik.de\/wp-content\/uploads\/2022\/01\/iStock-1285071058-1200x800.jpg 1200w, https:\/\/www.huettemann-logistik.de\/wp-content\/uploads\/2022\/01\/iStock-1285071058-400x267.jpg 400w, https:\/\/www.huettemann-logistik.de\/wp-content\/uploads\/2022\/01\/iStock-1285071058-1536x1024.jpg 1536w, https:\/\/www.huettemann-logistik.de\/wp-content\/uploads\/2022\/01\/iStock-1285071058-2048x1365.jpg 2048w, https:\/\/www.huettemann-logistik.de\/wp-content\/uploads\/2022\/01\/iStock-1285071058-46x31.jpg 46w, https:\/\/www.huettemann-logistik.de\/wp-content\/uploads\/2022\/01\/iStock-1285071058-250x167.jpg 250w, https:\/\/www.huettemann-logistik.de\/wp-content\/uploads\/2022\/01\/iStock-1285071058-550x367.jpg 550w, https:\/\/www.huettemann-logistik.de\/wp-content\/uploads\/2022\/01\/iStock-1285071058-scaled.jpg 1920w, https:\/\/www.huettemann-logistik.de\/wp-content\/uploads\/2022\/01\/iStock-1285071058-1320x880.jpg 1320w\" sizes=\"100vw\" \/>                <\/div>\r\n                <div class=\"col-12 col-lg-6 order-1  righttextcol\">\r\n                    <div class=\"innercontent\">\r\n                        <\/p>\n<h2>Logistics and More: we doen een stapje extra voor u<\/h2>\n<p>Om echt een meerwaarde voor u te zijn, komt onze uiteenlopende expertise samen in een belofte: onze begeleiding gaat veel verder dan de klassieke logistieke oplossingen. Wij zien onszelf als gelijkwaardige partners en willen samen met u succes boeken. E\u00e9n eigenschap in het bijzonder garandeert dit succes al meer dan 65 jaar: onze absolute betrouwbaarheid. Het vormt de basis van onze klantenrelaties, die al tientallen jaren duren en die zich altijd door zijn blijven ontwikkelen. En daar zijn we trots op.                    <\/div>\r\n                <\/div>\r\n            <\/div>\r\n        <\/div>\r\n        [\/vc_column][\/vc_row]<\/p>\n<\/div>","protected":false},"excerpt":{"rendered":"<p>[vc_section][vc_row][vc_column][vc_column_text] Het kompas naar succes [\/vc_column_text][vc_row_inner][vc_column_inner width=&#8221;1\/2&#8243;][vc_column_text]Onze waarden vormen de basis van ons denken en handelen. Daarmee hebben we ons<\/p>\n","protected":false},"author":1,"featured_media":0,"parent":4824,"menu_order":0,"comment_status":"closed","ping_status":"closed","template":"","meta":{"_acf_changed":false,"inline_featured_image":false,"footnotes":""},"class_list":["post-4837","page","type-page","status-publish","hentry"],"acf":[],"yoast_head":"<!-- This site is optimized with the Yoast SEO plugin v27.4 - https:\/\/yoast.com\/product\/yoast-seo-wordpress\/ -->\n<title>Bedrijfswaarden - HUETTEMANN Group<\/title>\n<meta name=\"description\" content=\"Kracht, cohesie, passie en inzet voor gemeenschappelijk succes: dit alles hebben wij te danken aan de mensen die Huettemann vormgeven.\" \/>\n<meta name=\"robots\" content=\"index, follow, max-snippet:-1, max-image-preview:large, max-video-preview:-1\" \/>\n<link rel=\"canonical\" href=\"https:\/\/www.huettemann-logistik.de\/nl\/unternehmensgruppe\/unternehmenswerte\/\" \/>\n<meta property=\"og:locale\" content=\"nl_NL\" \/>\n<meta property=\"og:type\" content=\"article\" \/>\n<meta property=\"og:title\" content=\"Bedrijfswaarden - HUETTEMANN Group\" \/>\n<meta property=\"og:description\" content=\"Kracht, cohesie, passie en inzet voor gemeenschappelijk succes: dit alles hebben wij te danken aan de mensen die Huettemann vormgeven.\" \/>\n<meta property=\"og:url\" content=\"https:\/\/www.huettemann-logistik.de\/nl\/unternehmensgruppe\/unternehmenswerte\/\" \/>\n<meta property=\"og:site_name\" content=\"HUETTEMANN Group\" \/>\n<meta property=\"article:modified_time\" content=\"2022-02-21T12:52:14+00:00\" \/>\n<meta name=\"twitter:card\" content=\"summary_large_image\" \/>\n<meta name=\"twitter:label1\" content=\"Geschatte leestijd\" \/>\n\t<meta name=\"twitter:data1\" content=\"3 minuten\" \/>\n<script type=\"application\/ld+json\" class=\"yoast-schema-graph\">{\"@context\":\"https:\\\/\\\/schema.org\",\"@graph\":[{\"@type\":\"WebPage\",\"@id\":\"https:\\\/\\\/www.huettemann-logistik.de\\\/nl\\\/unternehmensgruppe\\\/unternehmenswerte\\\/\",\"url\":\"https:\\\/\\\/www.huettemann-logistik.de\\\/nl\\\/unternehmensgruppe\\\/unternehmenswerte\\\/\",\"name\":\"Bedrijfswaarden - HUETTEMANN Group\",\"isPartOf\":{\"@id\":\"https:\\\/\\\/www.huettemann-logistik.de\\\/nl\\\/#website\"},\"datePublished\":\"2021-05-27T08:22:56+00:00\",\"dateModified\":\"2022-02-21T12:52:14+00:00\",\"description\":\"Kracht, cohesie, passie en inzet voor gemeenschappelijk succes: dit alles hebben wij te danken aan de mensen die Huettemann vormgeven.\",\"breadcrumb\":{\"@id\":\"https:\\\/\\\/www.huettemann-logistik.de\\\/nl\\\/unternehmensgruppe\\\/unternehmenswerte\\\/#breadcrumb\"},\"inLanguage\":\"nl-NL\",\"potentialAction\":[{\"@type\":\"ReadAction\",\"target\":[\"https:\\\/\\\/www.huettemann-logistik.de\\\/nl\\\/unternehmensgruppe\\\/unternehmenswerte\\\/\"]}]},{\"@type\":\"BreadcrumbList\",\"@id\":\"https:\\\/\\\/www.huettemann-logistik.de\\\/nl\\\/unternehmensgruppe\\\/unternehmenswerte\\\/#breadcrumb\",\"itemListElement\":[{\"@type\":\"ListItem\",\"position\":1,\"name\":\"Home\",\"item\":\"https:\\\/\\\/www.huettemann-logistik.de\\\/nl\\\/\"},{\"@type\":\"ListItem\",\"position\":2,\"name\":\"Groep van ondernemingen\",\"item\":\"https:\\\/\\\/www.huettemann-logistik.de\\\/nl\\\/unternehmensgruppe\\\/\"},{\"@type\":\"ListItem\",\"position\":3,\"name\":\"Bedrijfswaarden\"}]},{\"@type\":\"WebSite\",\"@id\":\"https:\\\/\\\/www.huettemann-logistik.de\\\/nl\\\/#website\",\"url\":\"https:\\\/\\\/www.huettemann-logistik.de\\\/nl\\\/\",\"name\":\"HUETTEMANN Group\",\"description\":\"Spedition, Transport, Lagerung, Fulfillment, Verzollung, Seefracht, ecommerce und Onlineshops - Logistics and More\",\"potentialAction\":[{\"@type\":\"SearchAction\",\"target\":{\"@type\":\"EntryPoint\",\"urlTemplate\":\"https:\\\/\\\/www.huettemann-logistik.de\\\/nl\\\/?s={search_term_string}\"},\"query-input\":{\"@type\":\"PropertyValueSpecification\",\"valueRequired\":true,\"valueName\":\"search_term_string\"}}],\"inLanguage\":\"nl-NL\"}]}<\/script>\n<!-- \/ Yoast SEO plugin. -->","yoast_head_json":{"title":"Bedrijfswaarden - HUETTEMANN Group","description":"Kracht, cohesie, passie en inzet voor gemeenschappelijk succes: dit alles hebben wij te danken aan de mensen die Huettemann vormgeven.","robots":{"index":"index","follow":"follow","max-snippet":"max-snippet:-1","max-image-preview":"max-image-preview:large","max-video-preview":"max-video-preview:-1"},"canonical":"https:\/\/www.huettemann-logistik.de\/nl\/unternehmensgruppe\/unternehmenswerte\/","og_locale":"nl_NL","og_type":"article","og_title":"Bedrijfswaarden - HUETTEMANN Group","og_description":"Kracht, cohesie, passie en inzet voor gemeenschappelijk succes: dit alles hebben wij te danken aan de mensen die Huettemann vormgeven.","og_url":"https:\/\/www.huettemann-logistik.de\/nl\/unternehmensgruppe\/unternehmenswerte\/","og_site_name":"HUETTEMANN Group","article_modified_time":"2022-02-21T12:52:14+00:00","twitter_card":"summary_large_image","twitter_misc":{"Geschatte leestijd":"3 minuten"},"schema":{"@context":"https:\/\/schema.org","@graph":[{"@type":"WebPage","@id":"https:\/\/www.huettemann-logistik.de\/nl\/unternehmensgruppe\/unternehmenswerte\/","url":"https:\/\/www.huettemann-logistik.de\/nl\/unternehmensgruppe\/unternehmenswerte\/","name":"Bedrijfswaarden - HUETTEMANN Group","isPartOf":{"@id":"https:\/\/www.huettemann-logistik.de\/nl\/#website"},"datePublished":"2021-05-27T08:22:56+00:00","dateModified":"2022-02-21T12:52:14+00:00","description":"Kracht, cohesie, passie en inzet voor gemeenschappelijk succes: dit alles hebben wij te danken aan de mensen die Huettemann vormgeven.","breadcrumb":{"@id":"https:\/\/www.huettemann-logistik.de\/nl\/unternehmensgruppe\/unternehmenswerte\/#breadcrumb"},"inLanguage":"nl-NL","potentialAction":[{"@type":"ReadAction","target":["https:\/\/www.huettemann-logistik.de\/nl\/unternehmensgruppe\/unternehmenswerte\/"]}]},{"@type":"BreadcrumbList","@id":"https:\/\/www.huettemann-logistik.de\/nl\/unternehmensgruppe\/unternehmenswerte\/#breadcrumb","itemListElement":[{"@type":"ListItem","position":1,"name":"Home","item":"https:\/\/www.huettemann-logistik.de\/nl\/"},{"@type":"ListItem","position":2,"name":"Groep van ondernemingen","item":"https:\/\/www.huettemann-logistik.de\/nl\/unternehmensgruppe\/"},{"@type":"ListItem","position":3,"name":"Bedrijfswaarden"}]},{"@type":"WebSite","@id":"https:\/\/www.huettemann-logistik.de\/nl\/#website","url":"https:\/\/www.huettemann-logistik.de\/nl\/","name":"HUETTEMANN Group","description":"Spedition, Transport, Lagerung, Fulfillment, Verzollung, Seefracht, ecommerce und Onlineshops - Logistics and More","potentialAction":[{"@type":"SearchAction","target":{"@type":"EntryPoint","urlTemplate":"https:\/\/www.huettemann-logistik.de\/nl\/?s={search_term_string}"},"query-input":{"@type":"PropertyValueSpecification","valueRequired":true,"valueName":"search_term_string"}}],"inLanguage":"nl-NL"}]}},"_links":{"self":[{"href":"https:\/\/www.huettemann-logistik.de\/nl\/wp-json\/wp\/v2\/pages\/4837","targetHints":{"allow":["GET"]}}],"collection":[{"href":"https:\/\/www.huettemann-logistik.de\/nl\/wp-json\/wp\/v2\/pages"}],"about":[{"href":"https:\/\/www.huettemann-logistik.de\/nl\/wp-json\/wp\/v2\/types\/page"}],"author":[{"embeddable":true,"href":"https:\/\/www.huettemann-logistik.de\/nl\/wp-json\/wp\/v2\/users\/1"}],"replies":[{"embeddable":true,"href":"https:\/\/www.huettemann-logistik.de\/nl\/wp-json\/wp\/v2\/comments?post=4837"}],"version-history":[{"count":3,"href":"https:\/\/www.huettemann-logistik.de\/nl\/wp-json\/wp\/v2\/pages\/4837\/revisions"}],"predecessor-version":[{"id":4839,"href":"https:\/\/www.huettemann-logistik.de\/nl\/wp-json\/wp\/v2\/pages\/4837\/revisions\/4839"}],"up":[{"embeddable":true,"href":"https:\/\/www.huettemann-logistik.de\/nl\/wp-json\/wp\/v2\/pages\/4824"}],"wp:attachment":[{"href":"https:\/\/www.huettemann-logistik.de\/nl\/wp-json\/wp\/v2\/media?parent=4837"}],"curies":[{"name":"wp","href":"https:\/\/api.w.org\/{rel}","templated":true}]}}