{"id":4810,"date":"2021-05-26T16:34:06","date_gmt":"2021-05-26T14:34:06","guid":{"rendered":"https:\/\/www.huettemann-logistik.de\/lead-logistic-services\/"},"modified":"2022-03-22T12:41:10","modified_gmt":"2022-03-22T11:41:10","slug":"lead-logistic-services","status":"publish","type":"page","link":"https:\/\/www.huettemann-logistik.de\/nl\/lead-logistic-services\/","title":{"rendered":"Lead Logistic Services"},"content":{"rendered":"<div class=\"wpb-content-wrapper\"><p>[vc_section][vc_row][vc_column][vc_column_text]<\/p>\n<h1>Lead Logistic Services: de hele supplychain onder \u00e9\u00e9n dak<\/h1>\n<h2>Competitieve logistieke oplossingen op alle niveaus<\/h2>\n<p>Volledige controle met volledige transparantie: met onze Lead Logistic Services beheersen wij uw logistieke processen van planning tot uitvoering. Daarbij zien wij onszelf als partners op basis van gelijkwaardigheid en vormen wij samen met u een sterk team. Op die manier combineren wij alle logistieke diensten tot een allesomvattende, optimale oplossing voor uw bedrijf. Meer dan 60 jaar in de logistieke sector vormen onze basis waarop u kunt bouwen. Daarbij komt nog onze veelzijdige kennis van diverse sectoren, gecombineerd met ons wereldwijde expeditienetwerk. Als uw Lead Logistics Provider (LLP) zorgen wij op alle aspecten voor uw effici\u00ebnte supplychain &#8211; van inkoop tot distributie, van planning tot uitvoering.[\/vc_column_text][\/vc_column][\/vc_row][\/vc_section][vc_section][vc_row][vc_column][vc_column_text]<\/p>\n<h2>Logistieke diensten van Huettemann: Onze oplossingen<\/h2>\n<p>[\/vc_column_text]                    <div class=\"row justify-content-around teasers\">\n                                                    <div class=\"col-12 col-sm-6 col-lg-4 gap \">\n                                <div class=\"teaseritemnew style-\">\n                                    <a href=\"https:\/\/www.huettemann-logistik.de\/nl\/lead-logistic-services\/supply-chain-management\/\" class=\"icon\">\n                                        <svg style=\"fill: transparent\" id=\"Ebene_1\" data-name=\"Ebene 1\" xmlns=\"http:\/\/www.w3.org\/2000\/svg\" viewBox=\"0 0 335 250\">\n                                            <path class=\"st0\" d=\"M-123,159c150.9-33,148.2,12.5,147.6,22.2c-0.5,6-0.7,12-0.6,18.1v0.2l0.2,0.1c10,2.4,21.8,1.4,33,0\r\n\t\t\tc12.5-1.5,15.3-7.4,13.4-19.5c-0.9-5.4,1.2-12.3,6.9-15.2c5-2.5,12.2-2.5,15.7,2.6c1.9,3,2.6,6.6,2.1,10.1\r\n\t\t\tc-0.9,7.5-5.2,16.4,5.4,20.1c4.1,1.5,5.6,1.2,37.5,1.4v-0.6c0,0-0.1-0.1-0.2-0.3c-1.7-4,1-31.7,3.8-34.7\r\n\t\t\tc7.7-8.5,15.5,5.1,22.2-0.1c6.3-4.9,5.1-23.7-2.6-26.7c-4.7-1.8-9.4,2.5-14,2.1c-4.6-0.4-7.7-5-8.9-13.6c-0.8-6.3-1.3-12.7-1.3-19\r\n\t\t\tc6.6-0.6,10.4,0,14.7-1.1c9.5-2.3,6.7-8.5,5.4-15.6c2-0.6,16.2-4.3,17.3-4.5c10.3-2,22.1-5.1,25.8-15.1c3.4-9.5-9-20.1,0.4-27.4\r\n\t\t\tc3.7-2.9,10-3.8,14.3-0.6c9.9,7.7-4.7,26.3,17.4,26.3c11.2,0,23.8-5.2,34-8c0.8,2.8,7.2,25.9,7.9,28.1c2,6.8,7.1,13.8,14.1,15.1\r\n\t\t\tc6.4,1.2,9.8-3.7,15.2-4.7c4.3-0.8,10-0.5,12.5,5.6c1.8,4.7-0.2,9.9-4.5,12.4c-8.1,4.2-19.3,1.7-22.3,13.5\r\n\t\t\tc-1.5,5.9,0.7,11.5,2,18.3c-25.2-0.9-45.5-12.1-59.1-30.6c-7-9.5-14.6-18.4-25.5-23.1c-13.2-5.7-29.4-6.6-40,3.4\r\n\t\t\tc-5.1,4.8-4.4,11.1-2.3,17.8c1,3.3,2.1,7,4.3,10c1.8,2.4,4.9,4.8,8.5,4.8c7.1,0,10.9-9,17.5-9.3c5.3-0.2,8.9,5.6,10.6,10.6\r\n\t\t\tc1.1,3.2,2.4,8,1.5,12.6c-0.6,2.8-2.6,8.4-6.3,9.7c-4.4,1.5-9.6-1.3-14.6,1.2c-14.5,7-4.3,28.2-0.4,38.5l21.2-4.9\r\n\t\t\tc6.3-1.4,12.9-4.3,19.4-3.9c4.3,0.3,9.3,2.6,11,7.1c1.9,5.1-1,11.2,1.1,16.4c2.9,7.3,14,6.4,19.1,2.7c10.4-7.5-0.8-14.2-1.8-22.5\r\n\t\t\tc-0.4-3.4,1.1-7.1,4.1-10c9.5-9.2,24.3-9.8,37.2-13.3c-2.7-4.7-3.5-9.8-4.8-16.4c19.1,0.5,56.7-7.9,73.9-17.1 M137.1,105.7\r\n\t\t\tc0-5.6,0-14.8,0-14.8c-3.1-1-6.3-1.5-9.5-1.5c-8.8,0.2-12.2-0.7-17.1-0.6c-3.1,0-6.7,0.1-9.1-1c-5.9-2.8-7.3-11.8-6.3-17.6\r\n\t\t\tc0.8-4.5,0.7-8.1-0.1-10.9c-3-10.1-17.4-9.1-21-0.6c-2,4.7,1.2,9.6,1.5,14.3c0.5,7.6-3.1,13.7-9.2,15.6c-9.7,3-20.2,1.3-30.2,1.3\r\n\t\t\tc-2.2,0-9.9-1.3-11.4,0.1c-1.3,1.1-0.8,5.2-0.9,6.8L23.7,98c-0.6,9.9-1.3,21.4,6.9,28.5c4.6,3.9,7.4,3.2,11.4,2.2\r\n\t\t\tc3.5-0.9,8.2-2.2,12.5,0.1c2.6,1.6,4.6,4,5.5,7c3.2,9.2,0.2,21.8-12.1,21c-3.2-0.2-6.3-1.6-9.6-2.2c-6.4-1.2-11.3,1.8-10.8,7.3\r\n\t\t\tc0.9,10.4,20.1,14.6,36.4-3c6.5-7,11.2-15.4,17.2-22.7c13.8-16.8,33.8-27.5,55.5-29.8\"\/>\n                                        <\/svg>\n                                    <\/a>\n                                    <div class=\"exceprt\">\n                                        <a href=\"https:\/\/www.huettemann-logistik.de\/nl\/lead-logistic-services\/supply-chain-management\/\">\n                                        <p class=\"h4 xnohyphen text-left\">\n                                            Supplychainmanagement                                        <\/p>\n                                                                                    <p class=\"teasertext \">\n                                                Wir optimieren Ihre Lieferkette. Von der Transportlogistik \u00fcber das Warehousing bis zur Distribution: Gemeinsam entwickeln wir mit Ihnen perfekte L\u00f6sungen entlang Ihrer Supply Chain. Ganz individuell auf Ihre Anforderungen abgestimmt \u2013 f\u00fcr mehr Effizienz, h\u00f6here Flexibilit\u00e4t und geringere Kosten.                                            <\/p>\n                                                                                    <\/a>\n                                    <\/div>\n                                    <div class=\"teaserbuttonholder\" style=\"\">\n                                        <a href=\"https:\/\/www.huettemann-logistik.de\/nl\/lead-logistic-services\/supply-chain-management\/\"\n                                           class=\"btn btn-default btn-block\">\n                                            Lees meer                                        <\/a>\n                                    <\/div>\n                                <\/div>\n                            <\/div>\n                                                        <div class=\"col-12 col-sm-6 col-lg-4 gap \">\n                                <div class=\"teaseritemnew style-\">\n                                    <a href=\"https:\/\/www.huettemann-logistik.de\/nl\/lead-logistic-services\/supply-chain-consulting\/\" class=\"icon\">\n                                        <svg style=\"fill: transparent\" id=\"Ebene_1\" data-name=\"Ebene 1\" xmlns=\"http:\/\/www.w3.org\/2000\/svg\" viewBox=\"0 0 335 250\">\n                                            <path class=\"st0\" d=\"M125.9,234.9c0-2.5,0.3-33.1,0.3-33.1s-7.1,2.3-10,3.4c-3,1.1-13.1,3.4-16.4,2.1s-8.2-6.2-10-16.1\r\n\t\t\tc-1.8-10-2.5-63,4.3-76c6.9-13.1,13.6-22,27.6-28.4c13.9-6.4,84-42.3,94.2-45.9c14.1-5.1,24.3,3.6,24.6,15.3\r\n\t\t\tc0.3,11.8,0,50.4-1.5,61.4c-1.5,11-6.2,26.3-18.9,34.5c-12.6,8.4-66.3,33.8-68.1,36.3c-1.8,2.5-23.1,46.8-24.6,48.4\r\n\t\t\tc-1.5,1.6-1.5,1.6-3.8,0.2c-2.3-1.5-6.4-3.1-7.9-3.8c-1.3-0.7-1.5-1-1.5-2s0-22,0-22.5c0-0.5-11.3,0.7-13.8,0.2\r\n\t\t\tc-4.9-0.8-10.3-5.9-13-7.4c-2.5-1.5-7.9-7.1-9.4-12.6c-1.5-5.6-1.5-56.9-0.8-63c0.5-6.2,4.3-20.8,12.6-30.2\r\n\t\t\tc8.4-9.4,29.5-20.5,38.7-25.1c9.2-4.8,61.4-30.4,69.6-33.6c8.2-3.3,14.4-4.9,21.3-2.1c6.9,2.8,13.6,7.2,15.8,9\r\n\t\t\tc2.1,1.8,63.9-5,107.2-30.3\"\/>\r\n\t<\/g>\n                                        <\/svg>\n                                    <\/a>\n                                    <div class=\"exceprt\">\n                                        <a href=\"https:\/\/www.huettemann-logistik.de\/nl\/lead-logistic-services\/supply-chain-consulting\/\">\n                                        <p class=\"h4 xnohyphen text-left\">\n                                            Supplychainconsulting                                        <\/p>\n                                                                                    <p class=\"teasertext \">\n                                                Als erfahrener Logistikdienstleister und internationale Spedition wissen wir, worauf es bei einer optimalen Lieferkette ankommt. Als unabh\u00e4ngige Berater analysieren wir gern auch Ihre Supply Chain und geben Ihnen ein ehrliches Feedback \u2013 inklusive Optimierungsvorschl\u00e4gen und ungenutzten Chancen.                                            <\/p>\n                                                                                    <\/a>\n                                    <\/div>\n                                    <div class=\"teaserbuttonholder\" style=\"\">\n                                        <a href=\"https:\/\/www.huettemann-logistik.de\/nl\/lead-logistic-services\/supply-chain-consulting\/\"\n                                           class=\"btn btn-default btn-block\">\n                                            Lees meer                                        <\/a>\n                                    <\/div>\n                                <\/div>\n                            <\/div>\n                                                <\/div>\n                [\/vc_column][\/vc_row][\/vc_section]<\/p>\n<\/div>","protected":false},"excerpt":{"rendered":"<p>[vc_section][vc_row][vc_column][vc_column_text] Lead Logistic Services: de hele supplychain onder \u00e9\u00e9n dak Competitieve logistieke oplossingen op alle niveaus Volledige controle met volledige<\/p>\n","protected":false},"author":1,"featured_media":0,"parent":0,"menu_order":0,"comment_status":"closed","ping_status":"closed","template":"","meta":{"_acf_changed":false,"inline_featured_image":false,"footnotes":""},"class_list":["post-4810","page","type-page","status-publish","hentry"],"acf":[],"yoast_head":"<!-- This site is optimized with the Yoast SEO plugin v27.4 - https:\/\/yoast.com\/product\/yoast-seo-wordpress\/ -->\n<title>Lead Logistic Services - HUETTEMANN Group<\/title>\n<meta name=\"description\" content=\"\u2705 Wij beheersen uw logistieke processen van planning tot implementatie en bieden allesomvattende oplossingen voor uw bedrijf.\" \/>\n<meta name=\"robots\" content=\"index, follow, max-snippet:-1, max-image-preview:large, max-video-preview:-1\" \/>\n<link rel=\"canonical\" href=\"https:\/\/www.huettemann-logistik.de\/nl\/lead-logistic-services\/\" \/>\n<meta property=\"og:locale\" content=\"nl_NL\" \/>\n<meta property=\"og:type\" content=\"article\" \/>\n<meta property=\"og:title\" content=\"Lead Logistic Services - HUETTEMANN Group\" \/>\n<meta property=\"og:description\" content=\"\u2705 Wij beheersen uw logistieke processen van planning tot implementatie en bieden allesomvattende oplossingen voor uw bedrijf.\" \/>\n<meta property=\"og:url\" content=\"https:\/\/www.huettemann-logistik.de\/nl\/lead-logistic-services\/\" \/>\n<meta property=\"og:site_name\" content=\"HUETTEMANN Group\" \/>\n<meta property=\"article:modified_time\" content=\"2022-03-22T11:41:10+00:00\" \/>\n<meta name=\"twitter:card\" content=\"summary_large_image\" \/>\n<meta name=\"twitter:label1\" content=\"Geschatte leestijd\" \/>\n\t<meta name=\"twitter:data1\" content=\"1 minuut\" \/>\n<script type=\"application\/ld+json\" class=\"yoast-schema-graph\">{\"@context\":\"https:\\\/\\\/schema.org\",\"@graph\":[{\"@type\":\"WebPage\",\"@id\":\"https:\\\/\\\/www.huettemann-logistik.de\\\/nl\\\/lead-logistic-services\\\/\",\"url\":\"https:\\\/\\\/www.huettemann-logistik.de\\\/nl\\\/lead-logistic-services\\\/\",\"name\":\"Lead Logistic Services - HUETTEMANN Group\",\"isPartOf\":{\"@id\":\"https:\\\/\\\/www.huettemann-logistik.de\\\/nl\\\/#website\"},\"datePublished\":\"2021-05-26T14:34:06+00:00\",\"dateModified\":\"2022-03-22T11:41:10+00:00\",\"description\":\"\u2705 Wij beheersen uw logistieke processen van planning tot implementatie en bieden allesomvattende oplossingen voor uw bedrijf.\",\"breadcrumb\":{\"@id\":\"https:\\\/\\\/www.huettemann-logistik.de\\\/nl\\\/lead-logistic-services\\\/#breadcrumb\"},\"inLanguage\":\"nl-NL\",\"potentialAction\":[{\"@type\":\"ReadAction\",\"target\":[\"https:\\\/\\\/www.huettemann-logistik.de\\\/nl\\\/lead-logistic-services\\\/\"]}]},{\"@type\":\"BreadcrumbList\",\"@id\":\"https:\\\/\\\/www.huettemann-logistik.de\\\/nl\\\/lead-logistic-services\\\/#breadcrumb\",\"itemListElement\":[{\"@type\":\"ListItem\",\"position\":1,\"name\":\"Home\",\"item\":\"https:\\\/\\\/www.huettemann-logistik.de\\\/nl\\\/\"},{\"@type\":\"ListItem\",\"position\":2,\"name\":\"Lead Logistic Services\"}]},{\"@type\":\"WebSite\",\"@id\":\"https:\\\/\\\/www.huettemann-logistik.de\\\/nl\\\/#website\",\"url\":\"https:\\\/\\\/www.huettemann-logistik.de\\\/nl\\\/\",\"name\":\"HUETTEMANN Group\",\"description\":\"Spedition, Transport, Lagerung, Fulfillment, Verzollung, Seefracht, ecommerce und Onlineshops - Logistics and More\",\"potentialAction\":[{\"@type\":\"SearchAction\",\"target\":{\"@type\":\"EntryPoint\",\"urlTemplate\":\"https:\\\/\\\/www.huettemann-logistik.de\\\/nl\\\/?s={search_term_string}\"},\"query-input\":{\"@type\":\"PropertyValueSpecification\",\"valueRequired\":true,\"valueName\":\"search_term_string\"}}],\"inLanguage\":\"nl-NL\"}]}<\/script>\n<!-- \/ Yoast SEO plugin. -->","yoast_head_json":{"title":"Lead Logistic Services - HUETTEMANN Group","description":"\u2705 Wij beheersen uw logistieke processen van planning tot implementatie en bieden allesomvattende oplossingen voor uw bedrijf.","robots":{"index":"index","follow":"follow","max-snippet":"max-snippet:-1","max-image-preview":"max-image-preview:large","max-video-preview":"max-video-preview:-1"},"canonical":"https:\/\/www.huettemann-logistik.de\/nl\/lead-logistic-services\/","og_locale":"nl_NL","og_type":"article","og_title":"Lead Logistic Services - HUETTEMANN Group","og_description":"\u2705 Wij beheersen uw logistieke processen van planning tot implementatie en bieden allesomvattende oplossingen voor uw bedrijf.","og_url":"https:\/\/www.huettemann-logistik.de\/nl\/lead-logistic-services\/","og_site_name":"HUETTEMANN Group","article_modified_time":"2022-03-22T11:41:10+00:00","twitter_card":"summary_large_image","twitter_misc":{"Geschatte leestijd":"1 minuut"},"schema":{"@context":"https:\/\/schema.org","@graph":[{"@type":"WebPage","@id":"https:\/\/www.huettemann-logistik.de\/nl\/lead-logistic-services\/","url":"https:\/\/www.huettemann-logistik.de\/nl\/lead-logistic-services\/","name":"Lead Logistic Services - HUETTEMANN Group","isPartOf":{"@id":"https:\/\/www.huettemann-logistik.de\/nl\/#website"},"datePublished":"2021-05-26T14:34:06+00:00","dateModified":"2022-03-22T11:41:10+00:00","description":"\u2705 Wij beheersen uw logistieke processen van planning tot implementatie en bieden allesomvattende oplossingen voor uw bedrijf.","breadcrumb":{"@id":"https:\/\/www.huettemann-logistik.de\/nl\/lead-logistic-services\/#breadcrumb"},"inLanguage":"nl-NL","potentialAction":[{"@type":"ReadAction","target":["https:\/\/www.huettemann-logistik.de\/nl\/lead-logistic-services\/"]}]},{"@type":"BreadcrumbList","@id":"https:\/\/www.huettemann-logistik.de\/nl\/lead-logistic-services\/#breadcrumb","itemListElement":[{"@type":"ListItem","position":1,"name":"Home","item":"https:\/\/www.huettemann-logistik.de\/nl\/"},{"@type":"ListItem","position":2,"name":"Lead Logistic Services"}]},{"@type":"WebSite","@id":"https:\/\/www.huettemann-logistik.de\/nl\/#website","url":"https:\/\/www.huettemann-logistik.de\/nl\/","name":"HUETTEMANN Group","description":"Spedition, Transport, Lagerung, Fulfillment, Verzollung, Seefracht, ecommerce und Onlineshops - Logistics and More","potentialAction":[{"@type":"SearchAction","target":{"@type":"EntryPoint","urlTemplate":"https:\/\/www.huettemann-logistik.de\/nl\/?s={search_term_string}"},"query-input":{"@type":"PropertyValueSpecification","valueRequired":true,"valueName":"search_term_string"}}],"inLanguage":"nl-NL"}]}},"_links":{"self":[{"href":"https:\/\/www.huettemann-logistik.de\/nl\/wp-json\/wp\/v2\/pages\/4810","targetHints":{"allow":["GET"]}}],"collection":[{"href":"https:\/\/www.huettemann-logistik.de\/nl\/wp-json\/wp\/v2\/pages"}],"about":[{"href":"https:\/\/www.huettemann-logistik.de\/nl\/wp-json\/wp\/v2\/types\/page"}],"author":[{"embeddable":true,"href":"https:\/\/www.huettemann-logistik.de\/nl\/wp-json\/wp\/v2\/users\/1"}],"replies":[{"embeddable":true,"href":"https:\/\/www.huettemann-logistik.de\/nl\/wp-json\/wp\/v2\/comments?post=4810"}],"version-history":[{"count":5,"href":"https:\/\/www.huettemann-logistik.de\/nl\/wp-json\/wp\/v2\/pages\/4810\/revisions"}],"predecessor-version":[{"id":5224,"href":"https:\/\/www.huettemann-logistik.de\/nl\/wp-json\/wp\/v2\/pages\/4810\/revisions\/5224"}],"wp:attachment":[{"href":"https:\/\/www.huettemann-logistik.de\/nl\/wp-json\/wp\/v2\/media?parent=4810"}],"curies":[{"name":"wp","href":"https:\/\/api.w.org\/{rel}","templated":true}]}}