{"id":4557,"date":"2021-05-28T14:25:39","date_gmt":"2021-05-28T12:25:39","guid":{"rendered":"https:\/\/kunden.ak86.de\/huelog\/impressum\/"},"modified":"2022-01-27T14:13:34","modified_gmt":"2022-01-27T13:13:34","slug":"impressum","status":"publish","type":"page","link":"https:\/\/www.huettemann-logistik.de\/nl\/impressum\/","title":{"rendered":"Impressum"},"content":{"rendered":"<div class=\"wpb-content-wrapper\"><p>[vc_row][vc_column][vc_column_text]<\/p>\n<h1>Impressum<\/h1>\n<p><strong>HUETTEMANN Holding GmbH &amp; Co. KG<\/strong><br \/>\n<span>Friedrich-Ebert-Str. 22<\/span><br \/>\n<span>47226 Duisburg<\/span><\/p>\n<p><span>Telefon:\u00a0<\/span><a href=\"tel:+4920659090\">+49 2065 909 0<\/a><br \/>\n<span>Telefax: +49 2065 909 261<\/span><br \/>\n<span>E-Mail: info@huelog.de<\/span><\/p>\n<p><strong>Gesch\u00e4ftsf\u00fchrung:<\/strong><br \/>\n<span>Klaus H\u00fcttemann, Manfred K\u00f6hler<\/span><\/p>\n<p><strong>Sitz des Unternehmens:<\/strong><br \/>\n<span>Duisburg, Handelsregister des Amtsgerichts Duisburg HRA 8360<\/span><\/p>\n<p><span>Steuernr. HUETTEMANN Holding GmbH &amp; Co. KG: 134\/5831\/0774<\/span><br \/>\n<span>Umsatzsteuer-ID: DE815341650<\/span><\/p>\n<p><strong>Verantwortlich f\u00fcr den Inhalt:<\/strong><br \/>\n<span>Klaus H\u00fcttemann<\/span><\/p>\n<p><span>Wir arbeiten ausschlie\u00dflich aufgrund der Allgemeinen Deutschen Spediteurbedingungen 2017 (ADSp 2017).<\/span><\/p>\n<p><span>Trotz sorgf\u00e4ltiger inhaltlicher Kontrolle \u00fcbernehmen wir keine Haftung f\u00fcr die Inhalte externer Links. F\u00fcr die Inhalte einer verlinkten Seite ist ausschlie\u00dflich deren Betreiber verantwortlich.<\/span>[\/vc_column_text][\/vc_column][\/vc_row]<\/p>\n<\/div>","protected":false},"excerpt":{"rendered":"<p>[vc_row][vc_column][vc_column_text] Impressum HUETTEMANN Holding GmbH &amp; Co. KG Friedrich-Ebert-Str. 22 47226 Duisburg Telefon:\u00a0+49 2065 909 0 Telefax: +49 2065 909<\/p>\n","protected":false},"author":1,"featured_media":0,"parent":0,"menu_order":0,"comment_status":"closed","ping_status":"closed","template":"","meta":{"_acf_changed":false,"inline_featured_image":false,"footnotes":""},"class_list":["post-4557","page","type-page","status-publish","hentry"],"acf":[],"yoast_head":"<!-- This site is optimized with the Yoast SEO plugin v27.4 - https:\/\/yoast.com\/product\/yoast-seo-wordpress\/ -->\n<title>Impressum - HUETTEMANN Group<\/title>\n<meta name=\"description\" content=\"\u2705 Klik hier voor de imprint van de HUETTEMANN Groep.\" \/>\n<meta name=\"robots\" content=\"index, follow, max-snippet:-1, max-image-preview:large, max-video-preview:-1\" \/>\n<link rel=\"canonical\" href=\"https:\/\/www.huettemann-logistik.de\/nl\/impressum\/\" \/>\n<meta property=\"og:locale\" content=\"nl_NL\" \/>\n<meta property=\"og:type\" content=\"article\" \/>\n<meta property=\"og:title\" content=\"Impressum - HUETTEMANN Group\" \/>\n<meta property=\"og:description\" content=\"\u2705 Klik hier voor de imprint van de HUETTEMANN Groep.\" \/>\n<meta property=\"og:url\" content=\"https:\/\/www.huettemann-logistik.de\/nl\/impressum\/\" \/>\n<meta property=\"og:site_name\" content=\"HUETTEMANN Group\" \/>\n<meta property=\"article:modified_time\" content=\"2022-01-27T13:13:34+00:00\" \/>\n<meta name=\"twitter:card\" content=\"summary_large_image\" \/>\n<meta name=\"twitter:label1\" content=\"Geschatte leestijd\" \/>\n\t<meta name=\"twitter:data1\" content=\"1 minuut\" \/>\n<script type=\"application\/ld+json\" class=\"yoast-schema-graph\">{\"@context\":\"https:\\\/\\\/schema.org\",\"@graph\":[{\"@type\":\"WebPage\",\"@id\":\"https:\\\/\\\/www.huettemann-logistik.de\\\/nl\\\/impressum\\\/\",\"url\":\"https:\\\/\\\/www.huettemann-logistik.de\\\/nl\\\/impressum\\\/\",\"name\":\"Impressum - HUETTEMANN Group\",\"isPartOf\":{\"@id\":\"https:\\\/\\\/www.huettemann-logistik.de\\\/nl\\\/#website\"},\"datePublished\":\"2021-05-28T12:25:39+00:00\",\"dateModified\":\"2022-01-27T13:13:34+00:00\",\"description\":\"\u2705 Klik hier voor de imprint van de HUETTEMANN Groep.\",\"breadcrumb\":{\"@id\":\"https:\\\/\\\/www.huettemann-logistik.de\\\/nl\\\/impressum\\\/#breadcrumb\"},\"inLanguage\":\"nl-NL\",\"potentialAction\":[{\"@type\":\"ReadAction\",\"target\":[\"https:\\\/\\\/www.huettemann-logistik.de\\\/nl\\\/impressum\\\/\"]}]},{\"@type\":\"BreadcrumbList\",\"@id\":\"https:\\\/\\\/www.huettemann-logistik.de\\\/nl\\\/impressum\\\/#breadcrumb\",\"itemListElement\":[{\"@type\":\"ListItem\",\"position\":1,\"name\":\"Home\",\"item\":\"https:\\\/\\\/www.huettemann-logistik.de\\\/nl\\\/\"},{\"@type\":\"ListItem\",\"position\":2,\"name\":\"Impressum\"}]},{\"@type\":\"WebSite\",\"@id\":\"https:\\\/\\\/www.huettemann-logistik.de\\\/nl\\\/#website\",\"url\":\"https:\\\/\\\/www.huettemann-logistik.de\\\/nl\\\/\",\"name\":\"HUETTEMANN Group\",\"description\":\"Spedition, Transport, Lagerung, Fulfillment, Verzollung, Seefracht, ecommerce und Onlineshops - Logistics and More\",\"potentialAction\":[{\"@type\":\"SearchAction\",\"target\":{\"@type\":\"EntryPoint\",\"urlTemplate\":\"https:\\\/\\\/www.huettemann-logistik.de\\\/nl\\\/?s={search_term_string}\"},\"query-input\":{\"@type\":\"PropertyValueSpecification\",\"valueRequired\":true,\"valueName\":\"search_term_string\"}}],\"inLanguage\":\"nl-NL\"}]}<\/script>\n<!-- \/ Yoast SEO plugin. -->","yoast_head_json":{"title":"Impressum - HUETTEMANN Group","description":"\u2705 Klik hier voor de imprint van de HUETTEMANN Groep.","robots":{"index":"index","follow":"follow","max-snippet":"max-snippet:-1","max-image-preview":"max-image-preview:large","max-video-preview":"max-video-preview:-1"},"canonical":"https:\/\/www.huettemann-logistik.de\/nl\/impressum\/","og_locale":"nl_NL","og_type":"article","og_title":"Impressum - HUETTEMANN Group","og_description":"\u2705 Klik hier voor de imprint van de HUETTEMANN Groep.","og_url":"https:\/\/www.huettemann-logistik.de\/nl\/impressum\/","og_site_name":"HUETTEMANN Group","article_modified_time":"2022-01-27T13:13:34+00:00","twitter_card":"summary_large_image","twitter_misc":{"Geschatte leestijd":"1 minuut"},"schema":{"@context":"https:\/\/schema.org","@graph":[{"@type":"WebPage","@id":"https:\/\/www.huettemann-logistik.de\/nl\/impressum\/","url":"https:\/\/www.huettemann-logistik.de\/nl\/impressum\/","name":"Impressum - HUETTEMANN Group","isPartOf":{"@id":"https:\/\/www.huettemann-logistik.de\/nl\/#website"},"datePublished":"2021-05-28T12:25:39+00:00","dateModified":"2022-01-27T13:13:34+00:00","description":"\u2705 Klik hier voor de imprint van de HUETTEMANN Groep.","breadcrumb":{"@id":"https:\/\/www.huettemann-logistik.de\/nl\/impressum\/#breadcrumb"},"inLanguage":"nl-NL","potentialAction":[{"@type":"ReadAction","target":["https:\/\/www.huettemann-logistik.de\/nl\/impressum\/"]}]},{"@type":"BreadcrumbList","@id":"https:\/\/www.huettemann-logistik.de\/nl\/impressum\/#breadcrumb","itemListElement":[{"@type":"ListItem","position":1,"name":"Home","item":"https:\/\/www.huettemann-logistik.de\/nl\/"},{"@type":"ListItem","position":2,"name":"Impressum"}]},{"@type":"WebSite","@id":"https:\/\/www.huettemann-logistik.de\/nl\/#website","url":"https:\/\/www.huettemann-logistik.de\/nl\/","name":"HUETTEMANN Group","description":"Spedition, Transport, Lagerung, Fulfillment, Verzollung, Seefracht, ecommerce und Onlineshops - Logistics and More","potentialAction":[{"@type":"SearchAction","target":{"@type":"EntryPoint","urlTemplate":"https:\/\/www.huettemann-logistik.de\/nl\/?s={search_term_string}"},"query-input":{"@type":"PropertyValueSpecification","valueRequired":true,"valueName":"search_term_string"}}],"inLanguage":"nl-NL"}]}},"_links":{"self":[{"href":"https:\/\/www.huettemann-logistik.de\/nl\/wp-json\/wp\/v2\/pages\/4557","targetHints":{"allow":["GET"]}}],"collection":[{"href":"https:\/\/www.huettemann-logistik.de\/nl\/wp-json\/wp\/v2\/pages"}],"about":[{"href":"https:\/\/www.huettemann-logistik.de\/nl\/wp-json\/wp\/v2\/types\/page"}],"author":[{"embeddable":true,"href":"https:\/\/www.huettemann-logistik.de\/nl\/wp-json\/wp\/v2\/users\/1"}],"replies":[{"embeddable":true,"href":"https:\/\/www.huettemann-logistik.de\/nl\/wp-json\/wp\/v2\/comments?post=4557"}],"version-history":[{"count":1,"href":"https:\/\/www.huettemann-logistik.de\/nl\/wp-json\/wp\/v2\/pages\/4557\/revisions"}],"predecessor-version":[{"id":4558,"href":"https:\/\/www.huettemann-logistik.de\/nl\/wp-json\/wp\/v2\/pages\/4557\/revisions\/4558"}],"wp:attachment":[{"href":"https:\/\/www.huettemann-logistik.de\/nl\/wp-json\/wp\/v2\/media?parent=4557"}],"curies":[{"name":"wp","href":"https:\/\/api.w.org\/{rel}","templated":true}]}}