{"id":917,"date":"2021-08-25T09:30:17","date_gmt":"2021-08-25T07:30:17","guid":{"rendered":"https:\/\/kunden.ak86.de\/huelog\/?page_id=917"},"modified":"2022-11-08T15:16:55","modified_gmt":"2022-11-08T14:16:55","slug":"gille-jenssen-baustoffe","status":"publish","type":"page","link":"https:\/\/www.huettemann-logistik.de\/en\/about-us\/our-companies\/gille-jenssen-baustoffe\/","title":{"rendered":"Gille-Jenssen Baustoffe"},"content":{"rendered":"<div class=\"wpb-content-wrapper\"><p>[vc_section][vc_row][vc_column][vc_column_text]<\/p>\n<h1>Gille-Jenssen Baustoffe<\/h1>\n<p>[\/vc_column_text][vc_row_inner][vc_column_inner width=&#8221;1\/3&#8243; offset=&#8221;vc_col-lg-offset-0 vc_col-xs-offset-1 vc_col-xs-3&#8243;][vc_single_image image=&#8221;1544&#8243; alignment=&#8221;center&#8221;][\/vc_column_inner][vc_column_inner width=&#8221;2\/3&#8243;][vc_column_text]Gille-Hermann Jenssen GmbH is our specialist for the building materials business. Around 40 employees work at two locations in building construction, civil engineering and road construction. From Bremen and Vlotho, they primarily serve customers in northern Germany. Services include the delivery of bulk and recycled building materials, power plant supply and disposal, the delivery of hard coal fly ash, and the trade and transport of cement and limestone powder.<\/p>\n<p>More informations <a href=\"http:\/\/www.gille-jenssen.de\/\">here.<\/a>[\/vc_column_text][\/vc_column_inner][\/vc_row_inner][\/vc_column][\/vc_row][\/vc_section][vc_section][vc_row][vc_column][vc_column_text]<\/p>\n<h2>Unsere Standorte<\/h2>\n<p>[\/vc_column_text]\n            <style>\n                .standortitem {\n                    padding: 30px;\n                    box-shadow: 0 0 10px rgb(0 0 0 \/ 5%);\n                    height: 100%;\n                    border:1px solid #ddd;\n                }\n                .standortitem .fa-ul p:last-child { margin: 0}\n                .standortitem .fa-ul { margin-bottom: 0}\n            <\/style>\n            <div class=\"row\">\n                                    <div class=\"col-12 col-lg-6 gap\">\n                        <div class=\"standortitem\">\n                            <div class=\"row\">\n                                <div class=\"col-6 offset-3 offset-lg-0 col-lg-3 gap\">\n                                    <div style=\"max-height:300px; overflow:hidden; background-color: #f0f0f0\">\n                                        <img decoding=\"async\" class=\"\" style=\"top:15px\"\n                                             src=\"https:\/\/www.huettemann-logistik.de\/wp-content\/uploads\/2022\/01\/Gille-Jenssen_Baustoffe_blau_2020_rgb-400x364.jpg\">\n                                    <\/div>\n                                <\/div>\n                                <div class=\"col-12 col-lg-8 align-self-center\">\n                                    <div class=\"row\">\n                                        <div class=\"col-12\">\n                                            <h3>Bremen<\/h3>\n                                                            <\/div>\n                                                                                    <div class=\"col-12\">\n                                                <div class=\"row\">\n                                                    <div class=\"col-12\">\n                                                        <p class=\"no-margin\">\n                                                            <b>\n                                                                Contact data                                                            <\/b>\n                                                        <\/p>\n                                                    <\/div>\n                                                    <ul class=\"fa-ul\">\n                                                                                                                    <li><span class=\"fa-li\"><i class=\"far fa-map-marker\"><\/i>\n                                                                                                                            <\/span> <p>Gille-Hermann Jenssen GmbH<br \/>\nMichael Ogilvie<br \/>\nArster Hemm 64<br \/>\n28279 Bremen<br \/>\nGermany<\/p>\n                                                            <\/li>\n                                                                                                                                                                            <li>\n                                                                <span class=\"fa-li\"><i class=\"far fa-phone\"><\/i><\/span> +49 421 84953-0                                                            <\/li>\n                                                                                                                                                                            <li><span class=\"fa-li\"><i class=\"far fa-envelope\"><\/i> <\/span>\n                                                                <a href=\"mailto:m.ogilvie@gille-jenssen.de\">   m.ogilvie@gille-jenssen.de                                                                <\/a>\n                                                            <\/li>\n                                                                                                            <\/ul>\n                                                                                                    <\/div>\n                                            <\/div>\n                                                                            <\/div>\n                                <\/div>\n                            <\/div>\n                        <\/div>\n                    <\/div>\n                                        <div class=\"col-12 col-lg-6 gap\">\n                        <div class=\"standortitem\">\n                            <div class=\"row\">\n                                <div class=\"col-6 offset-3 offset-lg-0 col-lg-3 gap\">\n                                    <div style=\"max-height:300px; overflow:hidden; background-color: #f0f0f0\">\n                                        <img decoding=\"async\" class=\"\" style=\"top:15px\"\n                                             src=\"https:\/\/www.huettemann-logistik.de\/wp-content\/uploads\/2022\/01\/Gille-Jenssen_Baustoffe_blau_2020_rgb-400x364.jpg\">\n                                    <\/div>\n                                <\/div>\n                                <div class=\"col-12 col-lg-8 align-self-center\">\n                                    <div class=\"row\">\n                                        <div class=\"col-12\">\n                                            <h3>Vlotho<\/h3>\n                                                            <\/div>\n                                                                                    <div class=\"col-12\">\n                                                <div class=\"row\">\n                                                    <div class=\"col-12\">\n                                                        <p class=\"no-margin\">\n                                                            <b>\n                                                                Contact data                                                            <\/b>\n                                                        <\/p>\n                                                    <\/div>\n                                                    <ul class=\"fa-ul\">\n                                                                                                                    <li><span class=\"fa-li\"><i class=\"far fa-map-marker\"><\/i>\n                                                                                                                            <\/span> <p>Gille-Jenssen Baustoffe GmbH<br \/>\nJ\u00f6rg Pr\u00fc\u00dfner<br \/>\nWilhelmstra\u00dfe 7<br \/>\n32602 Vlotho<br \/>\nGermany<\/p>\n                                                            <\/li>\n                                                                                                                                                                            <li>\n                                                                <span class=\"fa-li\"><i class=\"far fa-phone\"><\/i><\/span> +49 5733 963544                                                            <\/li>\n                                                                                                                                                                            <li><span class=\"fa-li\"><i class=\"far fa-envelope\"><\/i> <\/span>\n                                                                <a href=\"mailto:j. pruessner@gille-jenssen.de\">   j. pruessner@gille-jenssen.de                                                                <\/a>\n                                                            <\/li>\n                                                                                                            <\/ul>\n                                                                                                    <\/div>\n                                            <\/div>\n                                                                            <\/div>\n                                <\/div>\n                            <\/div>\n                        <\/div>\n                    <\/div>\n                                <\/div>\n            [\/vc_column][\/vc_row][\/vc_section]<\/p>\n<\/div>","protected":false},"excerpt":{"rendered":"<p>[vc_section][vc_row][vc_column][vc_column_text] Gille-Jenssen Baustoffe [\/vc_column_text][vc_row_inner][vc_column_inner width=&#8221;1\/3&#8243; offset=&#8221;vc_col-lg-offset-0 vc_col-xs-offset-1 vc_col-xs-3&#8243;][vc_single_image image=&#8221;1544&#8243; alignment=&#8221;center&#8221;][\/vc_column_inner][vc_column_inner width=&#8221;2\/3&#8243;][vc_column_text]Gille-Hermann Jenssen GmbH is our specialist for the building materials<\/p>\n","protected":false},"author":1,"featured_media":0,"parent":916,"menu_order":0,"comment_status":"closed","ping_status":"closed","template":"","meta":{"_acf_changed":false,"inline_featured_image":false,"footnotes":""},"class_list":["post-917","page","type-page","status-publish","hentry"],"acf":[],"yoast_head":"<!-- This site is optimized with the Yoast SEO plugin v27.4 - https:\/\/yoast.com\/product\/yoast-seo-wordpress\/ -->\n<title>Gille-Jenssen Baustoffe - H\u00fcttemann Logistik<\/title>\n<meta name=\"description\" content=\"Experts in the supply of bulk and recycled building materials as well as hard coal fly ash, trading and transport of cement\" \/>\n<meta name=\"robots\" content=\"index, follow, max-snippet:-1, max-image-preview:large, max-video-preview:-1\" \/>\n<link rel=\"canonical\" href=\"https:\/\/www.huettemann-logistik.de\/en\/about-us\/our-companies\/gille-jenssen-baustoffe\/\" \/>\n<meta property=\"og:locale\" content=\"en_US\" \/>\n<meta property=\"og:type\" content=\"article\" \/>\n<meta property=\"og:title\" content=\"Gille-Jenssen Baustoffe - H\u00fcttemann Logistik\" \/>\n<meta property=\"og:description\" content=\"Experts in the supply of bulk and recycled building materials as well as hard coal fly ash, trading and transport of cement\" \/>\n<meta property=\"og:url\" content=\"https:\/\/www.huettemann-logistik.de\/en\/about-us\/our-companies\/gille-jenssen-baustoffe\/\" \/>\n<meta property=\"og:site_name\" content=\"H\u00fcttemann Logistik\" \/>\n<meta property=\"article:modified_time\" content=\"2022-11-08T14:16:55+00:00\" \/>\n<meta name=\"twitter:card\" content=\"summary_large_image\" \/>\n<meta name=\"twitter:label1\" content=\"Est. reading time\" \/>\n\t<meta name=\"twitter:data1\" content=\"1 minute\" \/>\n<script type=\"application\/ld+json\" class=\"yoast-schema-graph\">{\"@context\":\"https:\\\/\\\/schema.org\",\"@graph\":[{\"@type\":\"WebPage\",\"@id\":\"https:\\\/\\\/www.huettemann-logistik.de\\\/en\\\/about-us\\\/our-companies\\\/gille-jenssen-baustoffe\\\/\",\"url\":\"https:\\\/\\\/www.huettemann-logistik.de\\\/en\\\/about-us\\\/our-companies\\\/gille-jenssen-baustoffe\\\/\",\"name\":\"Gille-Jenssen Baustoffe - H\u00fcttemann Logistik\",\"isPartOf\":{\"@id\":\"https:\\\/\\\/www.huettemann-logistik.de\\\/en\\\/#website\"},\"datePublished\":\"2021-08-25T07:30:17+00:00\",\"dateModified\":\"2022-11-08T14:16:55+00:00\",\"description\":\"Experts in the supply of bulk and recycled building materials as well as hard coal fly ash, trading and transport of cement\",\"breadcrumb\":{\"@id\":\"https:\\\/\\\/www.huettemann-logistik.de\\\/en\\\/about-us\\\/our-companies\\\/gille-jenssen-baustoffe\\\/#breadcrumb\"},\"inLanguage\":\"en-US\",\"potentialAction\":[{\"@type\":\"ReadAction\",\"target\":[\"https:\\\/\\\/www.huettemann-logistik.de\\\/en\\\/about-us\\\/our-companies\\\/gille-jenssen-baustoffe\\\/\"]}]},{\"@type\":\"BreadcrumbList\",\"@id\":\"https:\\\/\\\/www.huettemann-logistik.de\\\/en\\\/about-us\\\/our-companies\\\/gille-jenssen-baustoffe\\\/#breadcrumb\",\"itemListElement\":[{\"@type\":\"ListItem\",\"position\":1,\"name\":\"Home\",\"item\":\"https:\\\/\\\/www.huettemann-logistik.de\\\/en\\\/\"},{\"@type\":\"ListItem\",\"position\":2,\"name\":\"About us\",\"item\":\"https:\\\/\\\/www.huettemann-logistik.de\\\/en\\\/about-us\\\/\"},{\"@type\":\"ListItem\",\"position\":3,\"name\":\"Our companies\",\"item\":\"https:\\\/\\\/www.huettemann-logistik.de\\\/en\\\/about-us\\\/our-companies\\\/\"},{\"@type\":\"ListItem\",\"position\":4,\"name\":\"Gille-Jenssen Baustoffe\"}]},{\"@type\":\"WebSite\",\"@id\":\"https:\\\/\\\/www.huettemann-logistik.de\\\/en\\\/#website\",\"url\":\"https:\\\/\\\/www.huettemann-logistik.de\\\/en\\\/\",\"name\":\"H\u00fcttemann Logistik\",\"description\":\"Spedition, Transport, Lagerung, Fulfillment, Verzollung, Seefracht, ecommerce und Onlineshops - Logistics and More\",\"potentialAction\":[{\"@type\":\"SearchAction\",\"target\":{\"@type\":\"EntryPoint\",\"urlTemplate\":\"https:\\\/\\\/www.huettemann-logistik.de\\\/en\\\/?s={search_term_string}\"},\"query-input\":{\"@type\":\"PropertyValueSpecification\",\"valueRequired\":true,\"valueName\":\"search_term_string\"}}],\"inLanguage\":\"en-US\"}]}<\/script>\n<!-- \/ Yoast SEO plugin. -->","yoast_head_json":{"title":"Gille-Jenssen Baustoffe - H\u00fcttemann Logistik","description":"Experts in the supply of bulk and recycled building materials as well as hard coal fly ash, trading and transport of cement","robots":{"index":"index","follow":"follow","max-snippet":"max-snippet:-1","max-image-preview":"max-image-preview:large","max-video-preview":"max-video-preview:-1"},"canonical":"https:\/\/www.huettemann-logistik.de\/en\/about-us\/our-companies\/gille-jenssen-baustoffe\/","og_locale":"en_US","og_type":"article","og_title":"Gille-Jenssen Baustoffe - H\u00fcttemann Logistik","og_description":"Experts in the supply of bulk and recycled building materials as well as hard coal fly ash, trading and transport of cement","og_url":"https:\/\/www.huettemann-logistik.de\/en\/about-us\/our-companies\/gille-jenssen-baustoffe\/","og_site_name":"H\u00fcttemann Logistik","article_modified_time":"2022-11-08T14:16:55+00:00","twitter_card":"summary_large_image","twitter_misc":{"Est. reading time":"1 minute"},"schema":{"@context":"https:\/\/schema.org","@graph":[{"@type":"WebPage","@id":"https:\/\/www.huettemann-logistik.de\/en\/about-us\/our-companies\/gille-jenssen-baustoffe\/","url":"https:\/\/www.huettemann-logistik.de\/en\/about-us\/our-companies\/gille-jenssen-baustoffe\/","name":"Gille-Jenssen Baustoffe - H\u00fcttemann Logistik","isPartOf":{"@id":"https:\/\/www.huettemann-logistik.de\/en\/#website"},"datePublished":"2021-08-25T07:30:17+00:00","dateModified":"2022-11-08T14:16:55+00:00","description":"Experts in the supply of bulk and recycled building materials as well as hard coal fly ash, trading and transport of cement","breadcrumb":{"@id":"https:\/\/www.huettemann-logistik.de\/en\/about-us\/our-companies\/gille-jenssen-baustoffe\/#breadcrumb"},"inLanguage":"en-US","potentialAction":[{"@type":"ReadAction","target":["https:\/\/www.huettemann-logistik.de\/en\/about-us\/our-companies\/gille-jenssen-baustoffe\/"]}]},{"@type":"BreadcrumbList","@id":"https:\/\/www.huettemann-logistik.de\/en\/about-us\/our-companies\/gille-jenssen-baustoffe\/#breadcrumb","itemListElement":[{"@type":"ListItem","position":1,"name":"Home","item":"https:\/\/www.huettemann-logistik.de\/en\/"},{"@type":"ListItem","position":2,"name":"About us","item":"https:\/\/www.huettemann-logistik.de\/en\/about-us\/"},{"@type":"ListItem","position":3,"name":"Our companies","item":"https:\/\/www.huettemann-logistik.de\/en\/about-us\/our-companies\/"},{"@type":"ListItem","position":4,"name":"Gille-Jenssen Baustoffe"}]},{"@type":"WebSite","@id":"https:\/\/www.huettemann-logistik.de\/en\/#website","url":"https:\/\/www.huettemann-logistik.de\/en\/","name":"H\u00fcttemann Logistik","description":"Spedition, Transport, Lagerung, Fulfillment, Verzollung, Seefracht, ecommerce und Onlineshops - Logistics and More","potentialAction":[{"@type":"SearchAction","target":{"@type":"EntryPoint","urlTemplate":"https:\/\/www.huettemann-logistik.de\/en\/?s={search_term_string}"},"query-input":{"@type":"PropertyValueSpecification","valueRequired":true,"valueName":"search_term_string"}}],"inLanguage":"en-US"}]}},"_links":{"self":[{"href":"https:\/\/www.huettemann-logistik.de\/en\/wp-json\/wp\/v2\/pages\/917","targetHints":{"allow":["GET"]}}],"collection":[{"href":"https:\/\/www.huettemann-logistik.de\/en\/wp-json\/wp\/v2\/pages"}],"about":[{"href":"https:\/\/www.huettemann-logistik.de\/en\/wp-json\/wp\/v2\/types\/page"}],"author":[{"embeddable":true,"href":"https:\/\/www.huettemann-logistik.de\/en\/wp-json\/wp\/v2\/users\/1"}],"replies":[{"embeddable":true,"href":"https:\/\/www.huettemann-logistik.de\/en\/wp-json\/wp\/v2\/comments?post=917"}],"version-history":[{"count":23,"href":"https:\/\/www.huettemann-logistik.de\/en\/wp-json\/wp\/v2\/pages\/917\/revisions"}],"predecessor-version":[{"id":6256,"href":"https:\/\/www.huettemann-logistik.de\/en\/wp-json\/wp\/v2\/pages\/917\/revisions\/6256"}],"up":[{"embeddable":true,"href":"https:\/\/www.huettemann-logistik.de\/en\/wp-json\/wp\/v2\/pages\/916"}],"wp:attachment":[{"href":"https:\/\/www.huettemann-logistik.de\/en\/wp-json\/wp\/v2\/media?parent=917"}],"curies":[{"name":"wp","href":"https:\/\/api.w.org\/{rel}","templated":true}]}}