{"id":876,"date":"2021-05-28T14:25:39","date_gmt":"2021-05-28T12:25:39","guid":{"rendered":"https:\/\/kunden.ak86.de\/huelog\/impressum\/"},"modified":"2022-01-27T14:12:17","modified_gmt":"2022-01-27T13:12:17","slug":"legal-notice","status":"publish","type":"page","link":"https:\/\/www.huettemann-logistik.de\/en\/legal-notice\/","title":{"rendered":"Legal notice"},"content":{"rendered":"<div class=\"wpb-content-wrapper\"><p>[vc_row][vc_column][vc_column_text]<\/p>\n<h1>Legal notice<\/h1>\n<p><strong>HUETTEMANN Holding GmbH &amp; Co. KG<\/strong><br \/>\n<span>Friedrich-Ebert-Str. 22<\/span><br \/>\n<span>47226 Duisburg<\/span><\/p>\n<p><span>Telefon:\u00a0<\/span><a href=\"tel:+4920659090\">+49 2065 909 0<\/a><br \/>\n<span>Telefax: +49 2065 909 261<\/span><br \/>\n<span>E-Mail: info@huelog.de<\/span><\/p>\n<p><strong>Gesch\u00e4ftsf\u00fchrung:<\/strong><br \/>\n<span>Klaus H\u00fcttemann, Manfred K\u00f6hler<\/span><\/p>\n<p><strong>Sitz des Unternehmens:<\/strong><br \/>\n<span>Duisburg, Handelsregister des Amtsgerichts Duisburg HRA 8360<\/span><\/p>\n<p><span>Steuernr. HUETTEMANN Holding GmbH &amp; Co. KG: 134\/5831\/0774<\/span><br \/>\n<span>Umsatzsteuer-ID: DE815341650<\/span><\/p>\n<p><strong>Verantwortlich f\u00fcr den Inhalt:<\/strong><br \/>\n<span>Klaus H\u00fcttemann<\/span><\/p>\n<p><span>Wir arbeiten ausschlie\u00dflich aufgrund der Allgemeinen Deutschen Spediteurbedingungen 2017 (ADSp 2017).<\/span><\/p>\n<p><span>Trotz sorgf\u00e4ltiger inhaltlicher Kontrolle \u00fcbernehmen wir keine Haftung f\u00fcr die Inhalte externer Links. F\u00fcr die Inhalte einer verlinkten Seite ist ausschlie\u00dflich deren Betreiber verantwortlich.<\/span>[\/vc_column_text][\/vc_column][\/vc_row]<\/p>\n<\/div>","protected":false},"excerpt":{"rendered":"<p>[vc_row][vc_column][vc_column_text] Legal notice HUETTEMANN Holding GmbH &amp; Co. KG Friedrich-Ebert-Str. 22 47226 Duisburg Telefon:\u00a0+49 2065 909 0 Telefax: +49 2065<\/p>\n","protected":false},"author":1,"featured_media":0,"parent":0,"menu_order":0,"comment_status":"closed","ping_status":"closed","template":"","meta":{"_acf_changed":false,"inline_featured_image":false,"footnotes":""},"class_list":["post-876","page","type-page","status-publish","hentry"],"acf":[],"yoast_head":"<!-- This site is optimized with the Yoast SEO plugin v27.4 - https:\/\/yoast.com\/product\/yoast-seo-wordpress\/ -->\n<title>Legal notice - H\u00fcttemann Logistik<\/title>\n<meta name=\"description\" content=\"\u2705 Click here for the imprint of the HUETTEMANN Group.\" \/>\n<meta name=\"robots\" content=\"index, follow, max-snippet:-1, max-image-preview:large, max-video-preview:-1\" \/>\n<link rel=\"canonical\" href=\"https:\/\/www.huettemann-logistik.de\/en\/legal-notice\/\" \/>\n<meta property=\"og:locale\" content=\"en_US\" \/>\n<meta property=\"og:type\" content=\"article\" \/>\n<meta property=\"og:title\" content=\"Legal notice - H\u00fcttemann Logistik\" \/>\n<meta property=\"og:description\" content=\"\u2705 Click here for the imprint of the HUETTEMANN Group.\" \/>\n<meta property=\"og:url\" content=\"https:\/\/www.huettemann-logistik.de\/en\/legal-notice\/\" \/>\n<meta property=\"og:site_name\" content=\"H\u00fcttemann Logistik\" \/>\n<meta property=\"article:modified_time\" content=\"2022-01-27T13:12:17+00:00\" \/>\n<meta name=\"twitter:card\" content=\"summary_large_image\" \/>\n<meta name=\"twitter:label1\" content=\"Est. reading time\" \/>\n\t<meta name=\"twitter:data1\" content=\"1 minute\" \/>\n<script type=\"application\/ld+json\" class=\"yoast-schema-graph\">{\"@context\":\"https:\\\/\\\/schema.org\",\"@graph\":[{\"@type\":\"WebPage\",\"@id\":\"https:\\\/\\\/www.huettemann-logistik.de\\\/en\\\/legal-notice\\\/\",\"url\":\"https:\\\/\\\/www.huettemann-logistik.de\\\/en\\\/legal-notice\\\/\",\"name\":\"Legal notice - H\u00fcttemann Logistik\",\"isPartOf\":{\"@id\":\"https:\\\/\\\/www.huettemann-logistik.de\\\/en\\\/#website\"},\"datePublished\":\"2021-05-28T12:25:39+00:00\",\"dateModified\":\"2022-01-27T13:12:17+00:00\",\"description\":\"\u2705 Click here for the imprint of the HUETTEMANN Group.\",\"breadcrumb\":{\"@id\":\"https:\\\/\\\/www.huettemann-logistik.de\\\/en\\\/legal-notice\\\/#breadcrumb\"},\"inLanguage\":\"en-US\",\"potentialAction\":[{\"@type\":\"ReadAction\",\"target\":[\"https:\\\/\\\/www.huettemann-logistik.de\\\/en\\\/legal-notice\\\/\"]}]},{\"@type\":\"BreadcrumbList\",\"@id\":\"https:\\\/\\\/www.huettemann-logistik.de\\\/en\\\/legal-notice\\\/#breadcrumb\",\"itemListElement\":[{\"@type\":\"ListItem\",\"position\":1,\"name\":\"Home\",\"item\":\"https:\\\/\\\/www.huettemann-logistik.de\\\/en\\\/\"},{\"@type\":\"ListItem\",\"position\":2,\"name\":\"Legal notice\"}]},{\"@type\":\"WebSite\",\"@id\":\"https:\\\/\\\/www.huettemann-logistik.de\\\/en\\\/#website\",\"url\":\"https:\\\/\\\/www.huettemann-logistik.de\\\/en\\\/\",\"name\":\"H\u00fcttemann Logistik\",\"description\":\"Spedition, Transport, Lagerung, Fulfillment, Verzollung, Seefracht, ecommerce und Onlineshops - Logistics and More\",\"potentialAction\":[{\"@type\":\"SearchAction\",\"target\":{\"@type\":\"EntryPoint\",\"urlTemplate\":\"https:\\\/\\\/www.huettemann-logistik.de\\\/en\\\/?s={search_term_string}\"},\"query-input\":{\"@type\":\"PropertyValueSpecification\",\"valueRequired\":true,\"valueName\":\"search_term_string\"}}],\"inLanguage\":\"en-US\"}]}<\/script>\n<!-- \/ Yoast SEO plugin. -->","yoast_head_json":{"title":"Legal notice - H\u00fcttemann Logistik","description":"\u2705 Click here for the imprint of the HUETTEMANN Group.","robots":{"index":"index","follow":"follow","max-snippet":"max-snippet:-1","max-image-preview":"max-image-preview:large","max-video-preview":"max-video-preview:-1"},"canonical":"https:\/\/www.huettemann-logistik.de\/en\/legal-notice\/","og_locale":"en_US","og_type":"article","og_title":"Legal notice - H\u00fcttemann Logistik","og_description":"\u2705 Click here for the imprint of the HUETTEMANN Group.","og_url":"https:\/\/www.huettemann-logistik.de\/en\/legal-notice\/","og_site_name":"H\u00fcttemann Logistik","article_modified_time":"2022-01-27T13:12:17+00:00","twitter_card":"summary_large_image","twitter_misc":{"Est. reading time":"1 minute"},"schema":{"@context":"https:\/\/schema.org","@graph":[{"@type":"WebPage","@id":"https:\/\/www.huettemann-logistik.de\/en\/legal-notice\/","url":"https:\/\/www.huettemann-logistik.de\/en\/legal-notice\/","name":"Legal notice - H\u00fcttemann Logistik","isPartOf":{"@id":"https:\/\/www.huettemann-logistik.de\/en\/#website"},"datePublished":"2021-05-28T12:25:39+00:00","dateModified":"2022-01-27T13:12:17+00:00","description":"\u2705 Click here for the imprint of the HUETTEMANN Group.","breadcrumb":{"@id":"https:\/\/www.huettemann-logistik.de\/en\/legal-notice\/#breadcrumb"},"inLanguage":"en-US","potentialAction":[{"@type":"ReadAction","target":["https:\/\/www.huettemann-logistik.de\/en\/legal-notice\/"]}]},{"@type":"BreadcrumbList","@id":"https:\/\/www.huettemann-logistik.de\/en\/legal-notice\/#breadcrumb","itemListElement":[{"@type":"ListItem","position":1,"name":"Home","item":"https:\/\/www.huettemann-logistik.de\/en\/"},{"@type":"ListItem","position":2,"name":"Legal notice"}]},{"@type":"WebSite","@id":"https:\/\/www.huettemann-logistik.de\/en\/#website","url":"https:\/\/www.huettemann-logistik.de\/en\/","name":"H\u00fcttemann Logistik","description":"Spedition, Transport, Lagerung, Fulfillment, Verzollung, Seefracht, ecommerce und Onlineshops - Logistics and More","potentialAction":[{"@type":"SearchAction","target":{"@type":"EntryPoint","urlTemplate":"https:\/\/www.huettemann-logistik.de\/en\/?s={search_term_string}"},"query-input":{"@type":"PropertyValueSpecification","valueRequired":true,"valueName":"search_term_string"}}],"inLanguage":"en-US"}]}},"_links":{"self":[{"href":"https:\/\/www.huettemann-logistik.de\/en\/wp-json\/wp\/v2\/pages\/876","targetHints":{"allow":["GET"]}}],"collection":[{"href":"https:\/\/www.huettemann-logistik.de\/en\/wp-json\/wp\/v2\/pages"}],"about":[{"href":"https:\/\/www.huettemann-logistik.de\/en\/wp-json\/wp\/v2\/types\/page"}],"author":[{"embeddable":true,"href":"https:\/\/www.huettemann-logistik.de\/en\/wp-json\/wp\/v2\/users\/1"}],"replies":[{"embeddable":true,"href":"https:\/\/www.huettemann-logistik.de\/en\/wp-json\/wp\/v2\/comments?post=876"}],"version-history":[{"count":2,"href":"https:\/\/www.huettemann-logistik.de\/en\/wp-json\/wp\/v2\/pages\/876\/revisions"}],"predecessor-version":[{"id":2256,"href":"https:\/\/www.huettemann-logistik.de\/en\/wp-json\/wp\/v2\/pages\/876\/revisions\/2256"}],"wp:attachment":[{"href":"https:\/\/www.huettemann-logistik.de\/en\/wp-json\/wp\/v2\/media?parent=876"}],"curies":[{"name":"wp","href":"https:\/\/api.w.org\/{rel}","templated":true}]}}